{"id":1236,"date":"2016-06-09T16:13:39","date_gmt":"2016-06-09T20:13:39","guid":{"rendered":"https:\/\/perefrederic.ca\/es\/?page_id=1236"},"modified":"2019-05-13T14:19:46","modified_gmt":"2019-05-13T18:19:46","slug":"archivos","status":"publish","type":"page","link":"https:\/\/perefrederic.ca\/es\/archivos\/","title":{"rendered":"Archivos"},"content":{"rendered":"<p>Realizado por Christian Cyr, esta secci\u00f3n del sitio presenta los principales textos del buen Padre Federico, as\u00ed como muchas publicaciones consagradas al beato. Actualmente alrededor de 65 documentos. Ella fue hecha a partir de un trabajo de digitalizaci\u00f3n realizado en DVD en 2012 por Claudette Vaillancourt, archivista responsable de los archivos provinciales de los franciscanos.<\/p>\n<p>No obstante, la secci\u00f3n de archivo solo est\u00e1 disponible en franc\u00e9s.<\/p>\n<div class=\"btn btn-primary\"><a href=\"https:\/\/perefrederic.ca\/archives\/\">Ver la versi\u00f3n francesa<\/a><\/div>\n","protected":false},"excerpt":{"rendered":"<p>Realizado por Christian Cyr, esta secci\u00f3n del sitio presenta los principales textos del buen Padre Federico, as\u00ed como muchas publicaciones consagradas al beato. Actualmente alrededor de 65 documentos. Ella fue hecha a partir de un trabajo de digitalizaci\u00f3n realizado en DVD en 2012 por Claudette Vaillancourt, archivista responsable de los archivos provinciales de los franciscanos. [&hellip;]<\/p>\n","protected":false},"author":3,"featured_media":0,"parent":0,"menu_order":30,"comment_status":"closed","ping_status":"closed","template":"","meta":{"_acf_changed":false,"footnotes":""},"class_list":["post-1236","page","type-page","status-publish","hentry"],"acf":[],"_links":{"self":[{"href":"https:\/\/perefrederic.ca\/es\/wp-json\/wp\/v2\/pages\/1236","targetHints":{"allow":["GET"]}}],"collection":[{"href":"https:\/\/perefrederic.ca\/es\/wp-json\/wp\/v2\/pages"}],"about":[{"href":"https:\/\/perefrederic.ca\/es\/wp-json\/wp\/v2\/types\/page"}],"author":[{"embeddable":true,"href":"https:\/\/perefrederic.ca\/es\/wp-json\/wp\/v2\/users\/3"}],"replies":[{"embeddable":true,"href":"https:\/\/perefrederic.ca\/es\/wp-json\/wp\/v2\/comments?post=1236"}],"version-history":[{"count":5,"href":"https:\/\/perefrederic.ca\/es\/wp-json\/wp\/v2\/pages\/1236\/revisions"}],"predecessor-version":[{"id":1589,"href":"https:\/\/perefrederic.ca\/es\/wp-json\/wp\/v2\/pages\/1236\/revisions\/1589"}],"wp:attachment":[{"href":"https:\/\/perefrederic.ca\/es\/wp-json\/wp\/v2\/media?parent=1236"}],"curies":[{"name":"wp","href":"https:\/\/api.w.org\/{rel}","templated":true}]}}