{"id":1100,"date":"2015-05-26T13:39:18","date_gmt":"2015-05-26T17:39:18","guid":{"rendered":"https:\/\/perefrederic.ca\/?page_id=1100"},"modified":"2015-05-26T14:35:45","modified_gmt":"2015-05-26T18:35:45","slug":"bienvenida","status":"publish","type":"page","link":"https:\/\/perefrederic.ca\/es\/","title":{"rendered":"Inicio"},"content":{"rendered":"<div style=\"font-size:0.9em\">Naci\u00f3 en Ghyvelde, en el norte de Francia en 1838; el Padre Fr\u00e9d\u00e9ric al principio fue un notable misionero de Tierra Santa, antes de venir a Trois-Rivi\u00e8res en la provincia de Qu\u00e9bec en Canad\u00e1. Testigo del prodigio de los ojos de la imagen de la Sant\u00edsima Virgen Mar\u00eda y cofundador del Santuario de Notre-Dame-du-Cap, recorri\u00f3 predicando las parroquias de Qu\u00e9bec, para dar a conocer a Jes\u00fas de Nazaret y Tierra Santa.<\/p>\n<p>Ha sido proclamado Beato en 1988. La iglesia Canadiense prepara su canonizaci\u00f3n.<\/p>\n<p><strong>Descubre el hombre, su historia, su espiritualidad y su museo.<\/strong>\n<\/div>\n","protected":false},"excerpt":{"rendered":"<p>Naci\u00f3 en Ghyvelde, en el norte de Francia en 1838; el Padre Fr\u00e9d\u00e9ric al principio fue un notable misionero de Tierra Santa, antes de venir a Trois-Rivi\u00e8res en la provincia de Qu\u00e9bec en Canad\u00e1. Testigo del prodigio de los ojos de la imagen de la Sant\u00edsima Virgen Mar\u00eda y cofundador del Santuario de Notre-Dame-du-Cap, recorri\u00f3 [&hellip;]<\/p>\n","protected":false},"author":3,"featured_media":0,"parent":0,"menu_order":0,"comment_status":"closed","ping_status":"closed","template":"home.php","meta":{"_acf_changed":false,"footnotes":""},"class_list":["post-1100","page","type-page","status-publish","hentry"],"acf":[],"_links":{"self":[{"href":"https:\/\/perefrederic.ca\/es\/wp-json\/wp\/v2\/pages\/1100","targetHints":{"allow":["GET"]}}],"collection":[{"href":"https:\/\/perefrederic.ca\/es\/wp-json\/wp\/v2\/pages"}],"about":[{"href":"https:\/\/perefrederic.ca\/es\/wp-json\/wp\/v2\/types\/page"}],"author":[{"embeddable":true,"href":"https:\/\/perefrederic.ca\/es\/wp-json\/wp\/v2\/users\/3"}],"replies":[{"embeddable":true,"href":"https:\/\/perefrederic.ca\/es\/wp-json\/wp\/v2\/comments?post=1100"}],"version-history":[{"count":4,"href":"https:\/\/perefrederic.ca\/es\/wp-json\/wp\/v2\/pages\/1100\/revisions"}],"predecessor-version":[{"id":1136,"href":"https:\/\/perefrederic.ca\/es\/wp-json\/wp\/v2\/pages\/1100\/revisions\/1136"}],"wp:attachment":[{"href":"https:\/\/perefrederic.ca\/es\/wp-json\/wp\/v2\/media?parent=1100"}],"curies":[{"name":"wp","href":"https:\/\/api.w.org\/{rel}","templated":true}]}}