{"id":1074,"date":"2015-05-26T12:07:54","date_gmt":"2015-05-26T16:07:54","guid":{"rendered":"https:\/\/perefrederic.ca\/?page_id=1074"},"modified":"2015-06-19T15:54:53","modified_gmt":"2015-06-19T19:54:53","slug":"oracion-para-la-canonizacion-del-beato-frederic-janssoone","status":"publish","type":"page","link":"https:\/\/perefrederic.ca\/es\/herramientas-de-animacion-y-oracion\/oracion-para-la-canonizacion-del-beato-frederic-janssoone\/","title":{"rendered":"Oracion para la canonizacion del Beato Fr\u00e9d\u00e9ric Janssoone"},"content":{"rendered":"<p>&nbsp;<\/p>\n<p><em>Dios eterno y todopoderoso,<\/em><br \/>\n<em> T\u00fa concediste al Beato Fr\u00e9d\u00e9ric Janssoone,<\/em><br \/>\n<em> hijo de Francia,<\/em><br \/>\n<em> seguir en Tierra Santa,<\/em><br \/>\n<em> las huellas de tu Hijo Jes\u00fas,<\/em><br \/>\n<em> y trabajar por la paz.<\/em><\/p>\n<p>&nbsp;<\/p>\n<p><em>T\u00fa lo condujiste enseguida a Canad\u00e1,<\/em><br \/>\n<em> para invitar este pueblo,<\/em><br \/>\n<em> a ser generoso para la Tierra Santa,<\/em><br \/>\n<em> para fundar el Santuario du Cap-de-la-Madeleine,<\/em><br \/>\n<em> y para mejor dar a conocer<\/em><br \/>\n<em> la vida de Jes\u00fas de Nazareth y de su Sant\u00edsima Madre.<\/em><\/p>\n<p>&nbsp;<\/p>\n<p><em>Conc\u00e9denos el volvernos a nuestro tiempo<\/em><br \/>\n<em> en verdaderos peregrinos<\/em><br \/>\n<em> y verdaderos misioneros de tu Iglesia.<\/em><br \/>\n<em> Que seamos igualmente<\/em><br \/>\n<em> s\u00f3lidos pilares de la fe en nuestras comunidades cristianas.<\/em><\/p>\n<p>&nbsp;<\/p>\n<p><em>Nos conceda su intercesi\u00f3n<\/em><br \/>\n<em> el favor que solicitamos.<\/em><\/p>\n<p>&nbsp;<\/p>\n<p><em>(Pausa de silencio)<\/em><\/p>\n<p>&nbsp;<\/p>\n<p><em>Conc\u00e9dele a este hijo de San francisco de As\u00eds<\/em><br \/>\n<em> ser pronto canonizado<\/em><br \/>\n<em> y que nos lleve a todos hacia tu Hijo Jes\u00fas, Nuestro Se\u00f1or.<\/em><br \/>\n<em> Amen<\/em><\/p>\n<p>&nbsp;<\/p>\n<p>-Padre Nuestro, Dios te Salve Mar\u00eda, Gloria al Padre\u2026<br \/>\n(Veneraci\u00f3n de la Reliquia o tocar la Tumba)<\/p>\n","protected":false},"excerpt":{"rendered":"<p>&nbsp; Dios eterno y todopoderoso, T\u00fa concediste al Beato Fr\u00e9d\u00e9ric Janssoone, hijo de Francia, seguir en Tierra Santa, las huellas de tu Hijo Jes\u00fas, y trabajar por la paz. &nbsp; T\u00fa lo condujiste enseguida a Canad\u00e1, para invitar este pueblo, a ser generoso para la Tierra Santa, para fundar el Santuario du Cap-de-la-Madeleine, y para [&hellip;]<\/p>\n","protected":false},"author":3,"featured_media":0,"parent":1049,"menu_order":3,"comment_status":"open","ping_status":"closed","template":"","meta":{"_acf_changed":false,"footnotes":""},"class_list":["post-1074","page","type-page","status-publish","hentry"],"acf":[],"_links":{"self":[{"href":"https:\/\/perefrederic.ca\/es\/wp-json\/wp\/v2\/pages\/1074","targetHints":{"allow":["GET"]}}],"collection":[{"href":"https:\/\/perefrederic.ca\/es\/wp-json\/wp\/v2\/pages"}],"about":[{"href":"https:\/\/perefrederic.ca\/es\/wp-json\/wp\/v2\/types\/page"}],"author":[{"embeddable":true,"href":"https:\/\/perefrederic.ca\/es\/wp-json\/wp\/v2\/users\/3"}],"replies":[{"embeddable":true,"href":"https:\/\/perefrederic.ca\/es\/wp-json\/wp\/v2\/comments?post=1074"}],"version-history":[{"count":5,"href":"https:\/\/perefrederic.ca\/es\/wp-json\/wp\/v2\/pages\/1074\/revisions"}],"predecessor-version":[{"id":1161,"href":"https:\/\/perefrederic.ca\/es\/wp-json\/wp\/v2\/pages\/1074\/revisions\/1161"}],"up":[{"embeddable":true,"href":"https:\/\/perefrederic.ca\/es\/wp-json\/wp\/v2\/pages\/1049"}],"wp:attachment":[{"href":"https:\/\/perefrederic.ca\/es\/wp-json\/wp\/v2\/media?parent=1074"}],"curies":[{"name":"wp","href":"https:\/\/api.w.org\/{rel}","templated":true}]}}