{"id":1069,"date":"2015-05-26T11:59:30","date_gmt":"2015-05-26T15:59:30","guid":{"rendered":"https:\/\/perefrederic.ca\/?page_id=1069"},"modified":"2015-06-19T15:58:43","modified_gmt":"2015-06-19T19:58:43","slug":"cantos","status":"publish","type":"page","link":"https:\/\/perefrederic.ca\/es\/herramientas-de-animacion-y-oracion\/cantos\/","title":{"rendered":"Cantos"},"content":{"rendered":"<p>&nbsp;<\/p>\n<h2><strong>Al Beato Fr\u00e9d\u00e9ric Janssoone,<\/strong> por Rufin Turcotte, ofm, Harm. Jules Par\u00e9<\/h2>\n<h4>Refr\u00e1n :<\/h4>\n<p><strong>Dieu tout-puissant, notre pri\u00e8re<\/strong><br \/>\n<strong>Vers Toi s&#8217;\u00e9l\u00e8ve avec ferveur.<\/strong><br \/>\n<strong>Fais qu&#8217;en l&#8217;\u00c9glise, notre M\u00e8re,<\/strong><br \/>\n<strong>Soit glorifi\u00e9 ton serviteur <\/strong><br \/>\n<strong>Soit glorifi\u00e9 ton serviteur.<\/strong><\/p>\n<p>\u2014 1 \u2014<\/p>\n<p>Quels beaux exemples de vertus<br \/>\nDans ce fils de Fran\u00e7ois d&#8217;Assise,<br \/>\nVaillant ap\u00f4tre de l&#8217;\u00c9glise,<br \/>\nIl pr\u00eacha l&#8217;\u00c9vangile et l&#8217;amour de J\u00e9sus.<\/p>\n<p>\u2014 2 \u2014<\/p>\n<p>De pur amour br\u00fblait son c\u0153ur;<br \/>\nSon esp\u00e9rance en l&#8217;autre monde,<br \/>\nSa foi vivante et si profonde,<br \/>\nRemuaient le fid\u00e8le et sauvaient le p\u00e9cheur.<\/p>\n<p>\u2014 3 \u2014<\/p>\n<p>L&#8217;ap\u00f4tre illustre des Lieux saints<br \/>\nMendiait pour les sanctuaires<br \/>\nDont les enceintes s\u00e9culaires<br \/>\nSont l&#8217;\u00e9crin des tr\u00e9sors les plus chers aux chr\u00e9tiens.<\/p>\n<p>\u2014 4 \u2014<\/p>\n<p>Tout \u00e0 la gloire de son Dieu,<br \/>\nDans les myst\u00e8res du Rosaire,<br \/>\nIl cherchait celle de sa M\u00e8re,<br \/>\nEt trouvait pour la dire des paroles de feu.<\/p>\n<p>&nbsp;<\/p>\n<h2><strong>Marcheur de Dieu<\/strong>, par Andr\u00e9 Dumont, omi, 1993<\/h2>\n<p>\u2014 1 \u2014<\/p>\n<p><strong> Reviens chez nous montrer la Croix<\/strong><br \/>\nQui t&#8217;a br\u00fbl\u00e9 d&#8217;un feu de joie<br \/>\nReviens chez nous montrer la Croix<br \/>\nD&#8217;o\u00f9 ta vie rayonne.<\/p>\n<p>\u2014 2 \u2014<\/p>\n<p><strong> Reviens porter la paix de Dieu<\/strong><br \/>\nAux c\u0153urs bris\u00e9s, aux malheureux<br \/>\nReviens porter la paix de Dieu<br \/>\nQu&#8217;elle nous soit bonne !<\/p>\n<p>\u2014 3 \u2014<\/p>\n<p><strong> Reviens pr\u00eacher ton Dieu d&#8217;amour<\/strong><br \/>\nL&#8217;enfant prodigue est de retour<br \/>\nReviens pr\u00eacher ton Dieu d&#8217;amour<br \/>\nQui sans fin pardonne.<\/p>\n<p>\u2014 4 \u2014<\/p>\n<p><strong> Fais-nous chanter la m\u00e9lodie<\/strong><br \/>\nDe tout le ciel avec Marie<br \/>\nFais-nous chanter la m\u00e9lodie<br \/>\nQue ton c\u0153ur fredonne.<\/p>\n<p>\u2014 5 \u2014<\/p>\n<p><strong> Raconte-nous ce long regard<\/strong><br \/>\nQu&#8217;elle avait eu chez nous un soir<br \/>\nRaconte-nous ce long regard<br \/>\nDe notre Madone.<\/p>\n<p>\u2014 6 \u2014<\/p>\n<p><strong> Marcheur de Dieu sur nos chemins<\/strong><br \/>\nReviens passer faisant le bien<br \/>\nMarcheur de Dieu sur nos chemins<br \/>\nFr\u00e9d\u00e9ric Janssoone !<\/p>\n<p>&nbsp;<\/p>\n<h2><strong>Beato Padre Fr\u00e9d\u00e9ric<\/strong>, por Linda Garand, ocds<\/h2>\n<h4>Refr\u00e1n:<\/h4>\n<p><strong>Beato Fr\u00e9d\u00e9ric, Beato en los cielos<\/strong><br \/>\n<strong>La cruz y su misterio nos recuerdan tu fe.<\/strong><\/p>\n<p>\u2014 1 \u2014<\/p>\n<p>Oh Padre Fr\u00e9d\u00e9ric, queremos honrarte<br \/>\nCon este canto de alabanza, queremos cantarte.<\/p>\n<p>\u2014 2 \u2014<\/p>\n<p>Oh Padre Fr\u00e9d\u00e9ric, queremos honrarte<br \/>\nCon Mar\u00eda nuestra Madre, queremos orar.<\/p>\n<p>\u2014 3 \u2014<\/p>\n<p>Oh Padre Fr\u00e9d\u00e9ric, queremos honrarte<br \/>\nCon tu humilde oraci\u00f3n queremos dar gracias.<\/p>\n<p>\u2014 4 \u2014<\/p>\n<p>Oh Padre Fr\u00e9d\u00e9ric, queremos honrarte<br \/>\nCon tu vida en la gloria queremos aclamarte.<\/p>\n","protected":false},"excerpt":{"rendered":"<p>&nbsp; Al Beato Fr\u00e9d\u00e9ric Janssoone, por Rufin Turcotte, ofm, Harm. Jules Par\u00e9 Refr\u00e1n : Dieu tout-puissant, notre pri\u00e8re Vers Toi s&#8217;\u00e9l\u00e8ve avec ferveur. Fais qu&#8217;en l&#8217;\u00c9glise, notre M\u00e8re, Soit glorifi\u00e9 ton serviteur Soit glorifi\u00e9 ton serviteur. \u2014 1 \u2014 Quels beaux exemples de vertus Dans ce fils de Fran\u00e7ois d&#8217;Assise, Vaillant ap\u00f4tre de l&#8217;\u00c9glise, Il [&hellip;]<\/p>\n","protected":false},"author":3,"featured_media":0,"parent":1049,"menu_order":5,"comment_status":"open","ping_status":"closed","template":"","meta":{"_acf_changed":false,"footnotes":""},"class_list":["post-1069","page","type-page","status-publish","hentry"],"acf":[],"_links":{"self":[{"href":"https:\/\/perefrederic.ca\/es\/wp-json\/wp\/v2\/pages\/1069","targetHints":{"allow":["GET"]}}],"collection":[{"href":"https:\/\/perefrederic.ca\/es\/wp-json\/wp\/v2\/pages"}],"about":[{"href":"https:\/\/perefrederic.ca\/es\/wp-json\/wp\/v2\/types\/page"}],"author":[{"embeddable":true,"href":"https:\/\/perefrederic.ca\/es\/wp-json\/wp\/v2\/users\/3"}],"replies":[{"embeddable":true,"href":"https:\/\/perefrederic.ca\/es\/wp-json\/wp\/v2\/comments?post=1069"}],"version-history":[{"count":5,"href":"https:\/\/perefrederic.ca\/es\/wp-json\/wp\/v2\/pages\/1069\/revisions"}],"predecessor-version":[{"id":1166,"href":"https:\/\/perefrederic.ca\/es\/wp-json\/wp\/v2\/pages\/1069\/revisions\/1166"}],"up":[{"embeddable":true,"href":"https:\/\/perefrederic.ca\/es\/wp-json\/wp\/v2\/pages\/1049"}],"wp:attachment":[{"href":"https:\/\/perefrederic.ca\/es\/wp-json\/wp\/v2\/media?parent=1069"}],"curies":[{"name":"wp","href":"https:\/\/api.w.org\/{rel}","templated":true}]}}