{"id":1064,"date":"2015-05-26T11:36:49","date_gmt":"2015-05-26T15:36:49","guid":{"rendered":"https:\/\/perefrederic.ca\/?page_id=1064"},"modified":"2015-06-19T15:56:57","modified_gmt":"2015-06-19T19:56:57","slug":"oracion-pidiendo-creer-en-el-evangelio","status":"publish","type":"page","link":"https:\/\/perefrederic.ca\/es\/herramientas-de-animacion-y-oracion\/oracion-pidiendo-creer-en-el-evangelio\/","title":{"rendered":"Oraci\u00f3n pidiendo creer en el Evangelio"},"content":{"rendered":"<p><em>Gracias a t\u00ed, Se\u00f1or,<br \/>\nde haber dado al Padre Fr\u00e9d\u00e9ric los dones particulares<br \/>\ncomo el de tocar los corazones,<br \/>\nhabl\u00e1ndoles de Jes\u00fas y de su Tierra Natal.<\/em><\/p>\n<p>&nbsp;<\/p>\n<p><em>Gracias por haber dado a este animador de peregrinaciones<br \/>\nun grande amor a la Virgen Mar\u00eda<br \/>\ny a este caminante en nuestras campa\u00f1as las cualidades excepcionales<br \/>\npara consolar los afligidos y curar los enfermos.<\/em><\/p>\n<p>&nbsp;<\/p>\n<p><em>Conc\u00e9denos, el ser tocados ahora<br \/>\npor el mensaje de Jes\u00fas y ay\u00fadanos a creer en el Evangelio.<br \/>\nGracias por adelantado del favor que me vendr\u00e1 por su intercesi\u00f3n,<br \/>\npara tu mayor gloria, Se\u00f1or,<br \/>\npor su canonizaci\u00f3n y para mi verdadera felicidad.<br \/>\nAmen.<\/em><\/p>\n<p>&nbsp;<\/p>\n<h2>Oraciones universales por el Beato Fr\u00e9d\u00e9ric<\/h2>\n<p>&nbsp;<\/p>\n<p>(A) <strong> PRESIDENTE.<\/strong> \u2014 Tomemos conciencia que nosotros somos llamados a la santidad. Reconozcamos nuestras limitaciones y presentemos nuestras peticiones al Se\u00f1or por la intercesi\u00f3n del Beato Fr\u00e9d\u00e9ric Janssoone.<\/p>\n<ul>\n<li>Por la Iglesia, a fin que al ejemplo del Beato Fr\u00e9d\u00e9ric, ella no deje de llamar a la santidad por el servicio y el amor, oremos al Se\u00f1or.<\/li>\n<\/ul>\n<p><strong><em>R\/ Se\u00f1or, esc\u00fachanos<\/em><\/strong><\/p>\n<ul>\n<li>Por los pastores, los di\u00e1conos, los responsables de la pastoral, a fin que a ejemplo del Beato Fr\u00e9d\u00e9ric, est\u00e9n siempre atentos a la voluntad de Dios y a las necesidades de las personas, oremos al Se\u00f1or. <strong>R\/<\/strong><\/li>\n<li>Por los pobresy los necesitados, a fin que encuentren en su camino alguien que sepa acogerlos, consolarlos y devolverles la esperanza, oremos al Se\u00f1or. <strong>R\/<\/strong><\/li>\n<li>Por nosotros pecadores, a fin que encontremos en nuestra peregrinaci\u00f3n de fe, testigos como el Beato Fr\u00e9d\u00e9ric, que nos recuerden que el Se\u00f1or est\u00e1 siempre ah\u00ed para acogernos, oremos al Se\u00f1or. <strong>R\/<\/strong><\/li>\n<li>Por todos nosotros, a fin que prosigamos con perseverancia nuestra peregrinaci\u00f3n en la ruta de la santidad, oremos al Se\u00f1or. <strong>R\/<\/strong><\/li>\n<\/ul>\n<p><strong> PRESIDENTE.<\/strong> \u2014 Se\u00f1or, t\u00fa nos das un modelo a imitar en la persona del Beato Fr\u00e9d\u00e9ric Janssoone. Te presentamos nuestras peticiones por su intercesi\u00f3n y te pedimos nos escuches. Por Jesucristo, nuestro Se\u00f1or.<\/p>\n<p>&nbsp;<\/p>\n<p>&nbsp;<\/p>\n<p>(B)<strong> PRESIDENTE.<\/strong> \u2014 Hombre de grandes espacios, viajero infatigable en los pasos de Jes\u00fas, <strong><em>R\/ Beato Fr\u00e9d\u00e9ric, ruega por nosotros!<\/em><\/strong><\/p>\n<ul>\n<li>Hombre de grandes audacias, difusor del Evangelio a quien ning\u00fan obst\u00e1culo lo detuvo, <strong>R\/<\/strong><\/li>\n<li>Hombre de compasi\u00f3n sin reserva para los enfermos y todos los maltratados por la vida,<strong> R\/ <\/strong><\/li>\n<li>Disc\u00edpulo de Francisco de As\u00eds, enamorado de nuestra hermana tierra y de la Pasi\u00f3n de Jes\u00fas,<strong> R\/ <\/strong><\/li>\n<li>Peregrino enamorado de la Virgen Mar\u00eda, habitado de una mirada que marc\u00f3 tu vida, <strong>R\/ <\/strong><\/li>\n<li>Hombre de alegre esperanza, fascinado por el cielo despu\u00e9s de nuestros caminos, <strong>R\/ <\/strong><\/li>\n<\/ul>\n<p><strong>PRESIDENTE.<\/strong> \u2014 Se\u00f1or Dios nuestro, Providencia admirable que el Beato Fr\u00e9d\u00e9ric no dej\u00f3 de proclamar en su peregrinaci\u00f3n en la tierra; danos la gracia de elegir lo que \u00e9l mismo dese\u00f3 por sobre todas las cosas: aquella de convertirse en un santo!<\/p>\n<p>Conc\u00e9denos estar con Mar\u00eda, Nuestra-Se\u00f1ora de Compasi\u00f3n, cerca de la cruz de tu hijo, el salvador del mundo; y cond\u00facenos por tu Esp\u00edritu despu\u00e9s de esta vida un d\u00eda, a la eterna transfiguraci\u00f3n por los siglos de los siglos. <strong>Amen<\/strong>.<\/p>\n<p>(A. Dumont, omi)<\/p>\n<p>&nbsp;<\/p>\n<p>&nbsp;<\/p>\n<p><strong>(C) PRESIDENTE.<\/strong> \u2014 Con el Beato Fr\u00e9d\u00e9ric, celebremos al Dios de las misericordias que nos llama a todos a la santidad, <strong><em>R\/ Tu Providencia es admirable, Se\u00f1or!<\/em><\/strong><\/p>\n<ul>\n<li>T\u00fa nos llamas a la inmensa obra de llevar el Evangelio a todos los desprotegidos; por la fuerza de tu Esp\u00edritu que nos despierta a grandes deseos, bendito seas-T\u00fa. <strong>R\/<\/strong><\/li>\n<li>T\u00fa nos llamas a la alegre pobreza de los Obreros de la Buena Nueva; por el gusto de las verdaderas riquezas, bendito seas-T\u00fa.<strong>R\/<\/strong><\/li>\n<li>T\u00fa nos llamas a encarnar la esperanza con audacia por los medios modernos de difusi\u00f3n; por los nuevos misioneros de Acci\u00f3n de Gracia, bendito seas-T\u00fa. <strong>R\/<\/strong><\/li>\n<li>T\u00fa nos llamas a seguir a tu Hijo por el camino de la cruz; por la valent\u00eda que reencuentran los desamparados en la compasi\u00f3n de Mar\u00eda, bendito seas-T\u00fa. <strong>R<\/strong>\/<\/li>\n<li>T\u00fa nos llamas a tener los ojos fijos en la felicidad infinita del Reino; por la gran familia que nos espera en el cielo, bendito seas-T\u00fa. <strong>R\/ <\/strong><\/li>\n<\/ul>\n<p><strong>PRESIDENTE.<\/strong> \u2014 Se\u00f1or Dios nuestro, tu concediste al Beato Fr\u00e9d\u00e9ric Janssoone, de seguir en Tierra Santa las huellas de tu Hijo y de mejor hacer conocer a los fieles los misterios de su vida; conc\u00e9denos, por su intercesi\u00f3n, de venerar esos misterios con amor y de recibir en abundancia los frutos de la Redenci\u00f3n. Por Jesucristo\u2026<\/p>\n","protected":false},"excerpt":{"rendered":"<p>Gracias a t\u00ed, Se\u00f1or, de haber dado al Padre Fr\u00e9d\u00e9ric los dones particulares como el de tocar los corazones, habl\u00e1ndoles de Jes\u00fas y de su Tierra Natal. &nbsp; Gracias por haber dado a este animador de peregrinaciones un grande amor a la Virgen Mar\u00eda y a este caminante en nuestras campa\u00f1as las cualidades excepcionales para [&hellip;]<\/p>\n","protected":false},"author":3,"featured_media":0,"parent":1049,"menu_order":4,"comment_status":"open","ping_status":"closed","template":"","meta":{"_acf_changed":false,"footnotes":""},"class_list":["post-1064","page","type-page","status-publish","hentry"],"acf":[],"_links":{"self":[{"href":"https:\/\/perefrederic.ca\/es\/wp-json\/wp\/v2\/pages\/1064","targetHints":{"allow":["GET"]}}],"collection":[{"href":"https:\/\/perefrederic.ca\/es\/wp-json\/wp\/v2\/pages"}],"about":[{"href":"https:\/\/perefrederic.ca\/es\/wp-json\/wp\/v2\/types\/page"}],"author":[{"embeddable":true,"href":"https:\/\/perefrederic.ca\/es\/wp-json\/wp\/v2\/users\/3"}],"replies":[{"embeddable":true,"href":"https:\/\/perefrederic.ca\/es\/wp-json\/wp\/v2\/comments?post=1064"}],"version-history":[{"count":5,"href":"https:\/\/perefrederic.ca\/es\/wp-json\/wp\/v2\/pages\/1064\/revisions"}],"predecessor-version":[{"id":1165,"href":"https:\/\/perefrederic.ca\/es\/wp-json\/wp\/v2\/pages\/1064\/revisions\/1165"}],"up":[{"embeddable":true,"href":"https:\/\/perefrederic.ca\/es\/wp-json\/wp\/v2\/pages\/1049"}],"wp:attachment":[{"href":"https:\/\/perefrederic.ca\/es\/wp-json\/wp\/v2\/media?parent=1064"}],"curies":[{"name":"wp","href":"https:\/\/api.w.org\/{rel}","templated":true}]}}