{"id":1055,"date":"2015-05-26T10:56:24","date_gmt":"2015-05-26T14:56:24","guid":{"rendered":"https:\/\/perefrederic.ca\/?page_id=1055"},"modified":"2015-06-22T09:30:53","modified_gmt":"2015-06-22T13:30:53","slug":"galeria-de-fotos","status":"publish","type":"page","link":"https:\/\/perefrederic.ca\/es\/galeria-de-fotos\/","title":{"rendered":"Galer\u00eda de fotos"},"content":{"rendered":"<div id='gallery-1' class='gallery galleryid-1055 gallery-columns-4 gallery-size-thumbnail'><figure class='gallery-item'>\n\t\t\t<div class='gallery-icon portrait'>\n\t\t\t\t<a href='https:\/\/perefrederic.ca\/wp-content\/uploads\/2015\/05\/1Q4A0296_ES_1500px.jpg' title=\"\" data-rl_title=\"\" class=\"rl-gallery-link\" data-rl_caption=\"\" data-rel=\"lightbox-gallery-1\"><img loading=\"lazy\" decoding=\"async\" width=\"200\" height=\"200\" src=\"https:\/\/perefrederic.ca\/wp-content\/uploads\/2015\/05\/1Q4A0296_ES_1500px-200x200.jpg\" class=\"attachment-thumbnail size-thumbnail\" alt=\"\" aria-describedby=\"gallery-1-1088\" srcset=\"https:\/\/perefrederic.ca\/wp-content\/uploads\/2015\/05\/1Q4A0296_ES_1500px-200x200.jpg 200w, https:\/\/perefrederic.ca\/wp-content\/uploads\/2015\/05\/1Q4A0296_ES_1500px-220x220.jpg 220w\" sizes=\"auto, (max-width: 200px) 100vw, 200px\" \/><\/a>\n\t\t\t<\/div>\n\t\t\t\t<figcaption class='wp-caption-text gallery-caption' id='gallery-1-1088'>\n\t\t\t\tEl Padre Fr\u00e9d\u00e9ric \n\t\t\t\t<\/figcaption><\/figure><figure class='gallery-item'>\n\t\t\t<div class='gallery-icon portrait'>\n\t\t\t\t<a href='https:\/\/perefrederic.ca\/wp-content\/uploads\/2015\/05\/Statue-marcheur_ES_1500px.jpg' title=\"\" data-rl_title=\"\" class=\"rl-gallery-link\" data-rl_caption=\"\" data-rel=\"lightbox-gallery-1\"><img loading=\"lazy\" decoding=\"async\" width=\"200\" height=\"200\" src=\"https:\/\/perefrederic.ca\/wp-content\/uploads\/2015\/05\/Statue-marcheur_ES_1500px-200x200.jpg\" class=\"attachment-thumbnail size-thumbnail\" alt=\"\" aria-describedby=\"gallery-1-1092\" srcset=\"https:\/\/perefrederic.ca\/wp-content\/uploads\/2015\/05\/Statue-marcheur_ES_1500px-200x200.jpg 200w, https:\/\/perefrederic.ca\/wp-content\/uploads\/2015\/05\/Statue-marcheur_ES_1500px-220x220.jpg 220w\" sizes=\"auto, (max-width: 200px) 100vw, 200px\" \/><\/a>\n\t\t\t<\/div>\n\t\t\t\t<figcaption class='wp-caption-text gallery-caption' id='gallery-1-1092'>\n\t\t\t\tEl caminante\n\t\t\t\t<\/figcaption><\/figure><figure class='gallery-item'>\n\t\t\t<div class='gallery-icon portrait'>\n\t\t\t\t<a href='https:\/\/perefrederic.ca\/wp-content\/uploads\/2015\/05\/IMG_0105_ES_1500px.jpg' title=\"\" data-rl_title=\"\" class=\"rl-gallery-link\" data-rl_caption=\"\" data-rel=\"lightbox-gallery-1\"><img loading=\"lazy\" decoding=\"async\" width=\"200\" height=\"200\" src=\"https:\/\/perefrederic.ca\/wp-content\/uploads\/2015\/05\/IMG_0105_ES_1500px-e1434980598868-200x200.jpg\" class=\"attachment-thumbnail size-thumbnail\" alt=\"\" aria-describedby=\"gallery-1-1091\" \/><\/a>\n\t\t\t<\/div>\n\t\t\t\t<figcaption class='wp-caption-text gallery-caption' id='gallery-1-1091'>\n\t\t\t\tEstatua ofrecida por la ciudad  de Trois-Rivi\u00e8res por el cent\u00e9simo aniversario de su nacimiento \n\t\t\t\t<\/figcaption><\/figure><figure class='gallery-item'>\n\t\t\t<div class='gallery-icon portrait'>\n\t\t\t\t<a href='https:\/\/perefrederic.ca\/wp-content\/uploads\/2015\/05\/1Q4A0339_ES_1500px.jpg' title=\"\" data-rl_title=\"\" class=\"rl-gallery-link\" data-rl_caption=\"\" data-rel=\"lightbox-gallery-1\"><img loading=\"lazy\" decoding=\"async\" width=\"200\" height=\"200\" src=\"https:\/\/perefrederic.ca\/wp-content\/uploads\/2015\/05\/1Q4A0339_ES_1500px-e1434982185981-200x200.jpg\" class=\"attachment-thumbnail size-thumbnail\" alt=\"\" aria-describedby=\"gallery-1-1089\" \/><\/a>\n\t\t\t<\/div>\n\t\t\t\t<figcaption class='wp-caption-text gallery-caption' id='gallery-1-1089'>\n\t\t\t\tPintura del Padre Fr\u00e9d\u00e9ric por L\u00e9o Ayotte\n\t\t\t\t<\/figcaption><\/figure><figure class='gallery-item'>\n\t\t\t<div class='gallery-icon landscape'>\n\t\t\t\t<a href='https:\/\/perefrederic.ca\/wp-content\/uploads\/2015\/05\/1Q4A0145_ES_1500px.jpg' title=\"\" data-rl_title=\"\" class=\"rl-gallery-link\" data-rl_caption=\"\" data-rel=\"lightbox-gallery-1\"><img loading=\"lazy\" decoding=\"async\" width=\"200\" height=\"200\" src=\"https:\/\/perefrederic.ca\/wp-content\/uploads\/2015\/05\/1Q4A0145_ES_1500px-200x200.jpg\" class=\"attachment-thumbnail size-thumbnail\" alt=\"\" aria-describedby=\"gallery-1-1087\" srcset=\"https:\/\/perefrederic.ca\/wp-content\/uploads\/2015\/05\/1Q4A0145_ES_1500px-200x200.jpg 200w, https:\/\/perefrederic.ca\/wp-content\/uploads\/2015\/05\/1Q4A0145_ES_1500px-220x220.jpg 220w\" sizes=\"auto, (max-width: 200px) 100vw, 200px\" \/><\/a>\n\t\t\t<\/div>\n\t\t\t\t<figcaption class='wp-caption-text gallery-caption' id='gallery-1-1087'>\n\t\t\t\tTumba del Padre Fr\u00e9d\u00e9ric \n\t\t\t\t<\/figcaption><\/figure><figure class='gallery-item'>\n\t\t\t<div class='gallery-icon portrait'>\n\t\t\t\t<a href='https:\/\/perefrederic.ca\/wp-content\/uploads\/2015\/05\/bpf70ans_ES_1500px.jpg' title=\"\" data-rl_title=\"\" class=\"rl-gallery-link\" data-rl_caption=\"\" data-rel=\"lightbox-gallery-1\"><img loading=\"lazy\" decoding=\"async\" width=\"200\" height=\"200\" src=\"https:\/\/perefrederic.ca\/wp-content\/uploads\/2015\/05\/bpf70ans_ES_1500px-200x200.jpg\" class=\"attachment-thumbnail size-thumbnail\" alt=\"\" aria-describedby=\"gallery-1-1090\" srcset=\"https:\/\/perefrederic.ca\/wp-content\/uploads\/2015\/05\/bpf70ans_ES_1500px-200x200.jpg 200w, https:\/\/perefrederic.ca\/wp-content\/uploads\/2015\/05\/bpf70ans_ES_1500px-220x220.jpg 220w\" sizes=\"auto, (max-width: 200px) 100vw, 200px\" \/><\/a>\n\t\t\t<\/div>\n\t\t\t\t<figcaption class='wp-caption-text gallery-caption' id='gallery-1-1090'>\n\t\t\t\tEl Padre Fr\u00e9d\u00e9ric a la edad de 70 anos\n\t\t\t\t<\/figcaption><\/figure>\n\t\t<\/div>\n\n","protected":false},"excerpt":{"rendered":"","protected":false},"author":3,"featured_media":0,"parent":0,"menu_order":30,"comment_status":"open","ping_status":"closed","template":"","meta":{"_acf_changed":false,"footnotes":""},"class_list":["post-1055","page","type-page","status-publish","hentry"],"acf":[],"_links":{"self":[{"href":"https:\/\/perefrederic.ca\/es\/wp-json\/wp\/v2\/pages\/1055","targetHints":{"allow":["GET"]}}],"collection":[{"href":"https:\/\/perefrederic.ca\/es\/wp-json\/wp\/v2\/pages"}],"about":[{"href":"https:\/\/perefrederic.ca\/es\/wp-json\/wp\/v2\/types\/page"}],"author":[{"embeddable":true,"href":"https:\/\/perefrederic.ca\/es\/wp-json\/wp\/v2\/users\/3"}],"replies":[{"embeddable":true,"href":"https:\/\/perefrederic.ca\/es\/wp-json\/wp\/v2\/comments?post=1055"}],"version-history":[{"count":5,"href":"https:\/\/perefrederic.ca\/es\/wp-json\/wp\/v2\/pages\/1055\/revisions"}],"predecessor-version":[{"id":1177,"href":"https:\/\/perefrederic.ca\/es\/wp-json\/wp\/v2\/pages\/1055\/revisions\/1177"}],"wp:attachment":[{"href":"https:\/\/perefrederic.ca\/es\/wp-json\/wp\/v2\/media?parent=1055"}],"curies":[{"name":"wp","href":"https:\/\/api.w.org\/{rel}","templated":true}]}}