{"id":1053,"date":"2015-05-26T10:51:20","date_gmt":"2015-05-26T14:51:20","guid":{"rendered":"https:\/\/perefrederic.ca\/?page_id=1053"},"modified":"2015-05-26T10:51:20","modified_gmt":"2015-05-26T14:51:20","slug":"conexiones","status":"publish","type":"page","link":"https:\/\/perefrederic.ca\/es\/conexiones\/","title":{"rendered":"Conexiones"},"content":{"rendered":"<ul class=\"full-width-link-list list-unstyled links-only\">\n<li><a href=\"http:\/\/www.francoisdassise.ca\/fr\" target=\"_blank\"><i class=\"icon-export\"><\/i>Sitio de los franciscanos (FR \/ EN)<\/a><\/li>\n<li><a href=\"http:\/\/www.frederic-janssoone.blogspot.com\" target=\"_blank\"><i class=\"icon-export\"><\/i>Blog de Robert Noote, miembro de la Asociaci\u00f3n de los Amigos del Padre Fr\u00e9d\u00e9ric de Ghyvelde (FR)<\/a><\/li>\n<li><a href=\"http:\/\/www.sanctuaire-ndc.ca\/fr\/\" target=\"_blank\"><i class=\"icon-export\"><\/i>Sitio del Santuario Notre-Dame-Du-Cap (FR \/ EN)<\/a><\/li>\n<li><a href=\"http:\/\/www.st-elie-de-caxton.ca\/tourisme\/pages\/Calvaire.aspx\" target=\"_blank\"><i class=\"icon-export\"><\/i>Sitio de Saint-\u00c9lie-de-Caxton (FR)<\/a><\/li>\n<li><a href=\"http:\/\/www.sanctuairescpp.org\/index.php?option=com_phocagallery&amp;view=category&amp;id=1:visitvirt&amp;Itemid=69\" target=\"_blank\"><i class=\"icon-export\"><\/i>Sitio de la R\u00e9paration (FR)<\/a><\/li>\n<li><a href=\"http:\/\/www.tourismetroisrivieres.com\/fr\/quoi-faire\/musee-du-pere-frederic-janssoone\/109\" target=\"_blank\"><i class=\"icon-export\"><\/i>Turismo Trois-Rivi\u00e8res (FR \/ EN)<\/a><\/li>\n<li><a href=\"http:\/\/www.tourismemauricie.com\/membre\/musee-du-pere-frederic-janssonne\" target=\"_blank\"><i class=\"icon-export\"><\/i>Turismo Mauricie (FR \/ EN)<\/a><\/li>\n<li><a href=\"https:\/\/www.facebook.com\/BlogueDeLOrdreFranciscainSeculierParRc\" target=\"_blank\"><i class=\"icon-export\"><\/i>Fraternidad Franciscana, p\u00e1gina del sitio OFS Sherbrooke (FR)<\/a><\/li>\n<li><a href=\"https:\/\/www.youtube.com\/user\/videocustodiae\" target=\"_blank\"><i class=\"icon-export\"><\/i>Franciscan Media center (EN)<\/a><\/li>\n<li><a href=\"https:\/\/www.facebook.com\/pages\/Le-Bon-P%C3%A8re-Fr%C3%A9d%C3%A9ric-Janssoone\/197975710273738\" target=\"_blank\"><i class=\"icon-export\"><\/i>Facebook (FR)<\/a><\/li>\n<\/ul>\n","protected":false},"excerpt":{"rendered":"<p>Sitio de los franciscanos (FR \/ EN) Blog de Robert Noote, miembro de la Asociaci\u00f3n de los Amigos del Padre Fr\u00e9d\u00e9ric de Ghyvelde (FR) Sitio del Santuario Notre-Dame-Du-Cap (FR \/ EN) Sitio de Saint-\u00c9lie-de-Caxton (FR) Sitio de la R\u00e9paration (FR) Turismo Trois-Rivi\u00e8res (FR \/ EN) Turismo Mauricie (FR \/ EN) Fraternidad Franciscana, p\u00e1gina del sitio [&hellip;]<\/p>\n","protected":false},"author":3,"featured_media":0,"parent":0,"menu_order":50,"comment_status":"open","ping_status":"closed","template":"","meta":{"_acf_changed":false,"footnotes":""},"class_list":["post-1053","page","type-page","status-publish","hentry"],"acf":[],"_links":{"self":[{"href":"https:\/\/perefrederic.ca\/es\/wp-json\/wp\/v2\/pages\/1053","targetHints":{"allow":["GET"]}}],"collection":[{"href":"https:\/\/perefrederic.ca\/es\/wp-json\/wp\/v2\/pages"}],"about":[{"href":"https:\/\/perefrederic.ca\/es\/wp-json\/wp\/v2\/types\/page"}],"author":[{"embeddable":true,"href":"https:\/\/perefrederic.ca\/es\/wp-json\/wp\/v2\/users\/3"}],"replies":[{"embeddable":true,"href":"https:\/\/perefrederic.ca\/es\/wp-json\/wp\/v2\/comments?post=1053"}],"version-history":[{"count":1,"href":"https:\/\/perefrederic.ca\/es\/wp-json\/wp\/v2\/pages\/1053\/revisions"}],"predecessor-version":[{"id":1054,"href":"https:\/\/perefrederic.ca\/es\/wp-json\/wp\/v2\/pages\/1053\/revisions\/1054"}],"wp:attachment":[{"href":"https:\/\/perefrederic.ca\/es\/wp-json\/wp\/v2\/media?parent=1053"}],"curies":[{"name":"wp","href":"https:\/\/api.w.org\/{rel}","templated":true}]}}