{"id":1051,"date":"2015-05-26T10:38:40","date_gmt":"2015-05-26T14:38:40","guid":{"rendered":"https:\/\/perefrederic.ca\/?page_id=1051"},"modified":"2015-06-19T16:06:14","modified_gmt":"2015-06-19T20:06:14","slug":"revista-de-prensa-y-entrevistas","status":"publish","type":"page","link":"https:\/\/perefrederic.ca\/es\/revista-de-prensa-y-entrevistas\/","title":{"rendered":"Revista de prensa y entrevistas"},"content":{"rendered":"<h2>Revista de prensa:<\/h2>\n<ul class=\"full-width-link-list list-unstyled links-only no-img-ul\">\n<li><a href=\"http:\/\/www.lapresse.ca\/le-nouvelliste\/actualites\/201002\/23\/01-954326-apres-le-frere-andre-le-pere-frederic.php\" target=\"_blank\"><i class=\"icon-arrow-right5\"><\/i>Despu\u00e9s del hermano Andr\u00e9s, el Padre Fr\u00e9d\u00e9ric? (FR)<\/a><\/li>\n<li><a href=\"http:\/\/www.lapresse.ca\/le-nouvelliste\/actualites\/201108\/30\/01-4429991-on-vise-2016-pour-la-canonisation-du-pere-frederic.php\" target=\"_blank\"><i class=\"icon-arrow-right5\"><\/i>Apuntamos al 2016 para la canonizaci\u00f3n del Padre Fr\u00e9d\u00e9ric (FR)<\/a><\/li>\n<li><a href=\"http:\/\/journalquebecpresse.org\/modules\/news\/article.php?storyid=3173\" target=\"_blank\"><i class=\"icon-arrow-right5\"><\/i>EL Bienaventeurado Padre Fr\u00e9d\u00e9ric (FR)<\/a><\/li>\n<\/ul>\n<h2>Entrevistas :<\/h2>\n<ul class=\"full-width-link-list list-unstyled links-only\">\n<li><a href=\"https:\/\/www.youtube.com\/watch?v=Txzggs7qVOM\"><i class=\"icon-arrow-right5\"><\/i>El Padre Fr\u00e9d\u00e9ric Janssoone: un misionero infatigable en Tierra Santa y en Qu\u00e9bec (FR)<\/a><\/li>\n<\/ul>\n","protected":false},"excerpt":{"rendered":"<p>Revista de prensa: Despu\u00e9s del hermano Andr\u00e9s, el Padre Fr\u00e9d\u00e9ric? (FR) Apuntamos al 2016 para la canonizaci\u00f3n del Padre Fr\u00e9d\u00e9ric (FR) EL Bienaventeurado Padre Fr\u00e9d\u00e9ric (FR) Entrevistas : El Padre Fr\u00e9d\u00e9ric Janssoone: un misionero infatigable en Tierra Santa y en Qu\u00e9bec (FR)<\/p>\n","protected":false},"author":3,"featured_media":0,"parent":0,"menu_order":40,"comment_status":"open","ping_status":"closed","template":"","meta":{"_acf_changed":false,"footnotes":""},"class_list":["post-1051","page","type-page","status-publish","hentry"],"acf":[],"_links":{"self":[{"href":"https:\/\/perefrederic.ca\/es\/wp-json\/wp\/v2\/pages\/1051","targetHints":{"allow":["GET"]}}],"collection":[{"href":"https:\/\/perefrederic.ca\/es\/wp-json\/wp\/v2\/pages"}],"about":[{"href":"https:\/\/perefrederic.ca\/es\/wp-json\/wp\/v2\/types\/page"}],"author":[{"embeddable":true,"href":"https:\/\/perefrederic.ca\/es\/wp-json\/wp\/v2\/users\/3"}],"replies":[{"embeddable":true,"href":"https:\/\/perefrederic.ca\/es\/wp-json\/wp\/v2\/comments?post=1051"}],"version-history":[{"count":2,"href":"https:\/\/perefrederic.ca\/es\/wp-json\/wp\/v2\/pages\/1051\/revisions"}],"predecessor-version":[{"id":1168,"href":"https:\/\/perefrederic.ca\/es\/wp-json\/wp\/v2\/pages\/1051\/revisions\/1168"}],"wp:attachment":[{"href":"https:\/\/perefrederic.ca\/es\/wp-json\/wp\/v2\/media?parent=1051"}],"curies":[{"name":"wp","href":"https:\/\/api.w.org\/{rel}","templated":true}]}}