{"id":1043,"date":"2015-05-26T10:27:34","date_gmt":"2015-05-26T14:27:34","guid":{"rendered":"https:\/\/perefrederic.ca\/?page_id=1043"},"modified":"2015-05-26T10:27:34","modified_gmt":"2015-05-26T14:27:34","slug":"contactanos","status":"publish","type":"page","link":"https:\/\/perefrederic.ca\/es\/contactanos\/","title":{"rendered":"Cont\u00e1ctanos"},"content":{"rendered":"<h3>Direcci\u00f3n<\/h3>\n<div class=\"row\">\n<div class=\"col-xs-6\">\n<h5>Causa de la canonizaci\u00f3n del Padre Fr\u00e9d\u00e9ric<\/h5>\n<p>890, boulevard du Saint-Maurice<br \/>\nTrois-Rivi\u00e8res (Qu\u00e9bec)  Canada<br \/>\nG9A 3P8<\/p>\n<p><strong>Tel\u00e9fono: 819 693-6482<\/strong><br \/>\n<strong>E-mail: <\/strong><a href=\"mailto:roland.bonenfant@perefrederic.ca\"><strong>roland.bonenfant@perefrederic.ca<\/strong><\/a>\n<\/div>\n<div class=\"col-xs-4\">\n<h5>Museo Fr\u00e9d\u00e9ric-Janssoone<\/h5>\n<p>890, boulevard du Saint-Maurice<br \/>\nTrois-Rivi\u00e8res (Qu\u00e9bec) Canada<br \/>\nG9A 3P8<\/p>\n<p><strong>Tel\u00e9fono: 819 370-1280<\/strong><br \/>\n<strong>E-mail: <\/strong><a href=\"mailto:musee@perefrederic.ca\"><strong>musee@perefrederic.ca<\/strong><\/a>\n<\/div>\n<\/div>\n","protected":false},"excerpt":{"rendered":"<p>Direcci\u00f3n Causa de la canonizaci\u00f3n del Padre Fr\u00e9d\u00e9ric 890, boulevard du Saint-Maurice Trois-Rivi\u00e8res (Qu\u00e9bec) Canada G9A 3P8 Tel\u00e9fono: 819 693-6482 E-mail: roland.bonenfant@perefrederic.ca Museo Fr\u00e9d\u00e9ric-Janssoone 890, boulevard du Saint-Maurice Trois-Rivi\u00e8res (Qu\u00e9bec) Canada G9A 3P8 Tel\u00e9fono: 819 370-1280 E-mail: musee@perefrederic.ca<\/p>\n","protected":false},"author":3,"featured_media":0,"parent":0,"menu_order":60,"comment_status":"open","ping_status":"closed","template":"page-carte.php","meta":{"_acf_changed":false,"footnotes":""},"class_list":["post-1043","page","type-page","status-publish","hentry"],"acf":[],"_links":{"self":[{"href":"https:\/\/perefrederic.ca\/es\/wp-json\/wp\/v2\/pages\/1043","targetHints":{"allow":["GET"]}}],"collection":[{"href":"https:\/\/perefrederic.ca\/es\/wp-json\/wp\/v2\/pages"}],"about":[{"href":"https:\/\/perefrederic.ca\/es\/wp-json\/wp\/v2\/types\/page"}],"author":[{"embeddable":true,"href":"https:\/\/perefrederic.ca\/es\/wp-json\/wp\/v2\/users\/3"}],"replies":[{"embeddable":true,"href":"https:\/\/perefrederic.ca\/es\/wp-json\/wp\/v2\/comments?post=1043"}],"version-history":[{"count":1,"href":"https:\/\/perefrederic.ca\/es\/wp-json\/wp\/v2\/pages\/1043\/revisions"}],"predecessor-version":[{"id":1044,"href":"https:\/\/perefrederic.ca\/es\/wp-json\/wp\/v2\/pages\/1043\/revisions\/1044"}],"wp:attachment":[{"href":"https:\/\/perefrederic.ca\/es\/wp-json\/wp\/v2\/media?parent=1043"}],"curies":[{"name":"wp","href":"https:\/\/api.w.org\/{rel}","templated":true}]}}