{"id":1041,"date":"2015-05-26T10:22:19","date_gmt":"2015-05-26T14:22:19","guid":{"rendered":"https:\/\/perefrederic.ca\/?page_id=1041"},"modified":"2025-08-01T09:04:37","modified_gmt":"2025-08-01T13:04:37","slug":"museo-y-capilla","status":"publish","type":"page","link":"https:\/\/perefrederic.ca\/es\/museo-y-capilla\/","title":{"rendered":"Museo y capilla"},"content":{"rendered":"<h3>Museo Fr\u00e9d\u00e9ric-Janssoone<\/h3>\n<p>El museo del Padre Fr\u00e9d\u00e9ric, recuenta la vida de este Franciscano, nacido en Francia en 1838 y muerto en Canad\u00e1 en 1916.<\/p>\n<p>Pinturas, esculturas de tama\u00f1o natural, reproducciones miniatura ilustran su vida en Francia, en Tierra Santa y Canad\u00e1, donde fue misionero. Gracias a la colecci\u00f3n del museo, los visitantes aprender\u00e1n a conocer aquel testigo del \u00ab Prodigio de los ojos \u00bb en el Santuario Notre-Dame-du-Cap, tambi\u00e9n, apreciar\u00e1n aquel caminante infatigable, yendo al encuentro de las personas para hacerlos descubrir la vida de Jes\u00fas de Nazaret.<\/p>\n<p>El padre Fr\u00e9d\u00e9ric, fue beatificado por el Papa Juan Pablo Segundo, el 25 de septiembre de 1988. Mientras la iglesia canadiense espera pr\u00f3ximamente su canonizaci\u00f3n, una visita al museo les har\u00e1 descubrir un hombre amante y amado por las personas de Qu\u00e9bec, donde vivi\u00f3 cerca de 30 a\u00f1os, como en Tierra Santa, donde trabaj\u00f3 durante 12 a\u00f1os.<\/p>\n<p>Visitar este museo, es descubrir la bondad, la generosidad y la caridad de este gigante de nuestra historia. Las descripciones son escritas en lengua franc\u00e9s, ingl\u00e9s y espa\u00f1ol.<\/p>\n<div class=\"well\">\n<p><a href=\"https:\/\/perefrederic.ca\/wp-content\/uploads\/2014\/05\/Chapelle-St-Antoine-4-2.jpg\" data-rel=\"lightbox-image-0\" data-rl_title=\"\" data-rl_caption=\"\" title=\"\"><img decoding=\"async\" class=\"alignnone wp-image-604 size-medium\" src=\"https:\/\/perefrederic.ca\/wp-content\/uploads\/2014\/05\/Chapelle-St-Antoine-4-2.jpg\" alt=\"\" width=\"860\" srcset=\"https:\/\/perefrederic.ca\/wp-content\/uploads\/2014\/05\/Chapelle-St-Antoine-4-2.jpg 3416w, https:\/\/perefrederic.ca\/wp-content\/uploads\/2014\/05\/Chapelle-St-Antoine-4-2-300x125.jpg 300w, https:\/\/perefrederic.ca\/wp-content\/uploads\/2014\/05\/Chapelle-St-Antoine-4-2-1024x428.jpg 1024w\" sizes=\"(max-width: 3416px) 100vw, 3416px\" \/><\/a><\/p>\n<div class=\"row\">\n<div class=\"col-xs-6\">\n<h3>Horario del museo:<\/h3>\n<h4>Mediados de junio a mediados de octubre<\/h4>\n<p>Martes a s\u00e1bado: <strong>De 10 h a 12 h y de 13 h a 17 h<\/strong><br \/>\nDomingo: <strong>De<\/strong> <strong>13 h a 17 h<\/strong><br \/>\nLunes: <strong>Cerrado<\/strong><\/p>\n<p>Entrada: <strong>5 $<\/strong><\/p>\n<p>Estacionamiento, Tienda de recuerdos, Acceso para discapacitados por la calle Laviolette\u2026<\/p>\n<\/div>\n<div class=\"col-xs-6\">\n<h3>Informes<\/h3>\n<p>890, boulevard du Saint-Maurice<br \/>\nTrois-Rivi\u00e8res (Qu\u00e9bec) Canada<br \/>\nG9A 3P8<\/p>\n<p><strong>Tel\u00e9fono: 819 370-1280<\/strong><\/p>\n<p><a class=\"btn btn-primary\" style=\"margin-top: 10px;\" href=\"https:\/\/perefrederic.ca\/es\/contactanos\/\">Ver mapa<\/a><\/p>\n<\/div>\n<\/div>\n<\/div>\n<div class=\"centered-imgs well\">\n<p><a href=\"https:\/\/perefrederic.ca\/wp-content\/uploads\/2014\/05\/1Q4A3218.jpg\" data-rel=\"lightbox-image-1\" data-rl_title=\"\" data-rl_caption=\"\" title=\"\"><img decoding=\"async\" class=\"size-thumbnail wp-image-454\" src=\"https:\/\/perefrederic.ca\/wp-content\/uploads\/2014\/05\/1Q4A3218.jpg\" alt=\"1Q4A3218\" width=\"688\" srcset=\"https:\/\/perefrederic.ca\/wp-content\/uploads\/2014\/05\/1Q4A3218.jpg 4446w, https:\/\/perefrederic.ca\/wp-content\/uploads\/2014\/05\/1Q4A3218-300x184.jpg 300w, https:\/\/perefrederic.ca\/wp-content\/uploads\/2014\/05\/1Q4A3218-1024x629.jpg 1024w\" sizes=\"(max-width: 4446px) 100vw, 4446px\" \/><\/a><a href=\"https:\/\/perefrederic.ca\/wp-content\/uploads\/2014\/05\/1Q4A3173.jpg\" data-rel=\"lightbox-image-2\" data-rl_title=\"\" data-rl_caption=\"\" title=\"\"><img loading=\"lazy\" decoding=\"async\" class=\" size-thumbnail wp-image-450\" src=\"https:\/\/perefrederic.ca\/wp-content\/uploads\/2014\/05\/1Q4A3173-200x200.jpg\" alt=\"1Q4A3173\" width=\"200\" height=\"200\" \/><\/a><a href=\"https:\/\/perefrederic.ca\/wp-content\/uploads\/2014\/05\/1Q4A3196.jpg\" data-rel=\"lightbox-image-3\" data-rl_title=\"\" data-rl_caption=\"\" title=\"\"><img loading=\"lazy\" decoding=\"async\" class=\"size-thumbnail wp-image-452\" src=\"https:\/\/perefrederic.ca\/wp-content\/uploads\/2014\/05\/1Q4A3196-200x200.jpg\" alt=\"1Q4A3196\" width=\"200\" height=\"200\" \/><\/a> <a href=\"https:\/\/perefrederic.ca\/wp-content\/uploads\/2014\/05\/1Q4A3213.jpg\" data-rel=\"lightbox-image-4\" data-rl_title=\"\" data-rl_caption=\"\" title=\"\"><img loading=\"lazy\" decoding=\"async\" class=\"size-thumbnail wp-image-453\" src=\"https:\/\/perefrederic.ca\/wp-content\/uploads\/2014\/05\/1Q4A3213-200x200.jpg\" alt=\"1Q4A3213\" width=\"200\" height=\"200\" \/><\/a><\/p>\n<div class=\"clear\"><\/div>\n<\/div>\n<h3>La Capilla y la Tumba del Padre Fr\u00e9d\u00e9ric.<\/h3>\n<p>La Capilla Saint-Antoine, es un lugar de adoraci\u00f3n y de oraci\u00f3n permanente por la PAZ EN TIERRA SANTA.<\/p>\n<p>Esta Capilla de Saint-Antoine, bendecida por Monse\u00f1or Fran\u00e7ois-Xavier Cloutier, el 5 de mayo de 1907 y situada a un lado del convento del mismo nombre, fue construida gracias a las limosnas recolectadas por el Padre Fr\u00e9d\u00e9ric en la di\u00f3cesis de Trois-Rivi\u00e8res, poblado por poblado en sus 67 parroquias y aldeas.<\/p>\n<p>El Buen Padre Fr\u00e9d\u00e9ric ah\u00ed or\u00f3, presidi\u00f3 Eucarist\u00edas y acogi\u00f3 muchas personas desamparadas. A su muerte en 1916, el cuerpo del Buen Padre Fr\u00e9d\u00e9ric fue depositado bajo una losa de piedra negra delante del ala central. \u00c9l reposa ahora a la izquierda de esta capilla despu\u00e9s de su beatificaci\u00f3n en 1988. Esta capilla es dedicada a Saint Antoine-de-Padoue, patr\u00f3n de la Tierra Santa. Ella es atendida por los franciscanos.<\/p>\n<div class=\"centered-imgs well\"><a href=\"https:\/\/perefrederic.ca\/wp-content\/uploads\/2014\/05\/Chapelle-Saint-Antoine-int\u00e9rieur.jpg\" data-rel=\"lightbox-image-5\" data-rl_title=\"\" data-rl_caption=\"\" title=\"\"><img loading=\"lazy\" decoding=\"async\" class=\"alignnone size-medium wp-image-670\" src=\"https:\/\/perefrederic.ca\/wp-content\/uploads\/2014\/05\/Chapelle-Saint-Antoine-int\u00e9rieur-300x225.jpg\" alt=\"Chapelle Saint-Antoine-int\u00e9rieur\" width=\"300\" height=\"225\" srcset=\"https:\/\/perefrederic.ca\/wp-content\/uploads\/2014\/05\/Chapelle-Saint-Antoine-int\u00e9rieur-300x225.jpg 300w, https:\/\/perefrederic.ca\/wp-content\/uploads\/2014\/05\/Chapelle-Saint-Antoine-int\u00e9rieur-320x240.jpg 320w, https:\/\/perefrederic.ca\/wp-content\/uploads\/2014\/05\/Chapelle-Saint-Antoine-int\u00e9rieur.jpg 497w\" sizes=\"auto, (max-width: 300px) 100vw, 300px\" \/><\/a><a href=\"https:\/\/perefrederic.ca\/wp-content\/uploads\/2014\/05\/Tombeau-et-vitrail.jpg\" data-rel=\"lightbox-image-6\" data-rl_title=\"\" data-rl_caption=\"\" title=\"\"><img decoding=\"async\" class=\"alignnone size-medium wp-image-671\" src=\"https:\/\/perefrederic.ca\/wp-content\/uploads\/2014\/05\/Tombeau-et-vitrail-224x300.jpg\" alt=\"Tombeau et vitrail\" height=\"225\" srcset=\"https:\/\/perefrederic.ca\/wp-content\/uploads\/2014\/05\/Tombeau-et-vitrail-224x300.jpg 224w, https:\/\/perefrederic.ca\/wp-content\/uploads\/2014\/05\/Tombeau-et-vitrail.jpg 302w\" sizes=\"(max-width: 224px) 100vw, 224px\" \/><\/a><\/div>\n<div class=\"row\">\n<div class=\"col-xs-4\">\n<h5>Horario de apertura de la capilla:<\/h5>\n<p><strong>El 1 de mayo en el 31 de octubre<\/strong><\/p>\n<p>Lunes a s\u00e1bado: <strong>9 h a 1<\/strong><strong>7 h<\/strong><br \/>\nDomingo: <strong>13 h a 17 h<\/strong><\/p>\n<p><strong>El 1 de noviembre en el 30 de abril<\/strong><\/p>\n<p>Lunes a viernes: <strong>9 h a 16 <\/strong><strong>h<\/strong><br \/>\nS\u00e1bado: <strong>9 h a 12<\/strong><strong> h<\/strong><br \/>\nDomingo: <strong>Cerrado<\/strong><\/p>\n<p>&nbsp;<\/p>\n<\/div>\n<div class=\"col-xs-4\">\n<h5>Fiestas solemnes:<\/h5>\n<p>Bienheureux Fr\u00e9d\u00e9ric: 5 agosto<br \/>\nSaint Fran\u00e7ois: 4 octubre<br \/>\nSaint Antoine: 13 junio<\/p>\n<\/div>\n<div class=\"col-xs-4\">\n<h5>Celebraciones:<\/h5>\n<p>Eucarist\u00eda, Todos los d\u00edas, 10 h 30, salvo el domingo.<\/p>\n<\/div>\n<\/div>\n","protected":false},"excerpt":{"rendered":"<p>Museo Fr\u00e9d\u00e9ric-Janssoone El museo del Padre Fr\u00e9d\u00e9ric, recuenta la vida de este Franciscano, nacido en Francia en 1838 y muerto en Canad\u00e1 en 1916. Pinturas, esculturas de tama\u00f1o natural, reproducciones miniatura ilustran su vida en Francia, en Tierra Santa y Canad\u00e1, donde fue misionero. Gracias a la colecci\u00f3n del museo, los visitantes aprender\u00e1n a conocer [&hellip;]<\/p>\n","protected":false},"author":3,"featured_media":0,"parent":0,"menu_order":50,"comment_status":"closed","ping_status":"closed","template":"","meta":{"_acf_changed":false,"footnotes":""},"class_list":["post-1041","page","type-page","status-publish","hentry"],"acf":[],"_links":{"self":[{"href":"https:\/\/perefrederic.ca\/es\/wp-json\/wp\/v2\/pages\/1041","targetHints":{"allow":["GET"]}}],"collection":[{"href":"https:\/\/perefrederic.ca\/es\/wp-json\/wp\/v2\/pages"}],"about":[{"href":"https:\/\/perefrederic.ca\/es\/wp-json\/wp\/v2\/types\/page"}],"author":[{"embeddable":true,"href":"https:\/\/perefrederic.ca\/es\/wp-json\/wp\/v2\/users\/3"}],"replies":[{"embeddable":true,"href":"https:\/\/perefrederic.ca\/es\/wp-json\/wp\/v2\/comments?post=1041"}],"version-history":[{"count":7,"href":"https:\/\/perefrederic.ca\/es\/wp-json\/wp\/v2\/pages\/1041\/revisions"}],"predecessor-version":[{"id":1729,"href":"https:\/\/perefrederic.ca\/es\/wp-json\/wp\/v2\/pages\/1041\/revisions\/1729"}],"wp:attachment":[{"href":"https:\/\/perefrederic.ca\/es\/wp-json\/wp\/v2\/media?parent=1041"}],"curies":[{"name":"wp","href":"https:\/\/api.w.org\/{rel}","templated":true}]}}