{"id":1038,"date":"2015-05-26T10:12:16","date_gmt":"2015-05-26T14:12:16","guid":{"rendered":"https:\/\/perefrederic.ca\/?page_id=1038"},"modified":"2015-05-26T10:12:54","modified_gmt":"2015-05-26T14:12:54","slug":"su-fuerza-inspirar-confianza-y-motivar","status":"publish","type":"page","link":"https:\/\/perefrederic.ca\/es\/un-ser-espiritual\/su-fuerza-inspirar-confianza-y-motivar\/","title":{"rendered":"Su fuerza, inspirar confianza y motivar"},"content":{"rendered":"<p>El Beato Fr\u00e9d\u00e9ric tiene todo lo de un comunicador nato. El transmite a las multitudes su entusiasmo, su confianza, su fascinaci\u00f3n por la vida de Jes\u00fas. En el tema de la confianza y de la motivaci\u00f3n, \u00e9l tiene eso que a\u00fan hace falta, cien a\u00f1os m\u00e1s tarde, para motivar la juventud de hoy.<\/p>\n<div class=\"centered-imgs well\">\n<figure id=\"attachment_387\" aria-describedby=\"caption-attachment-387\" style=\"width: 188px\" class=\"wp-caption alignnone\"><a href=\"https:\/\/perefrederic.ca\/wp-content\/uploads\/2014\/05\/franciscans_Page_47.jpg\" data-rel=\"lightbox-image-0\" data-rl_title=\"\" data-rl_caption=\"\" title=\"\"><img loading=\"lazy\" decoding=\"async\" class=\"wp-image-387\" src=\"https:\/\/perefrederic.ca\/wp-content\/uploads\/2014\/05\/franciscans_Page_47-201x300.jpg\" alt=\"El Padre Fr\u00e9d\u00e9ric conduce los peregrinos.\" width=\"188\" height=\"280\" srcset=\"https:\/\/perefrederic.ca\/wp-content\/uploads\/2014\/05\/franciscans_Page_47-201x300.jpg 201w, https:\/\/perefrederic.ca\/wp-content\/uploads\/2014\/05\/franciscans_Page_47-688x1024.jpg 688w\" sizes=\"auto, (max-width: 188px) 100vw, 188px\" \/><\/a><figcaption id=\"caption-attachment-387\" class=\"wp-caption-text\">El Padre Fr\u00e9d\u00e9ric conduce los peregrinos.<\/figcaption><\/figure>\n<figure id=\"attachment_388\" aria-describedby=\"caption-attachment-388\" style=\"width: 189px\" class=\"wp-caption alignnone\"><a href=\"https:\/\/perefrederic.ca\/wp-content\/uploads\/2014\/05\/franciscans_Page_42.jpg\" data-rel=\"lightbox-image-1\" data-rl_title=\"\" data-rl_caption=\"\" title=\"\"><img loading=\"lazy\" decoding=\"async\" class=\"wp-image-388\" src=\"https:\/\/perefrederic.ca\/wp-content\/uploads\/2014\/05\/franciscans_Page_42-202x300.jpg\" alt=\"El Padre Fr\u00e9d\u00e9ric y los ni\u00f1os.\" width=\"189\" height=\"280\" srcset=\"https:\/\/perefrederic.ca\/wp-content\/uploads\/2014\/05\/franciscans_Page_42-202x300.jpg 202w, https:\/\/perefrederic.ca\/wp-content\/uploads\/2014\/05\/franciscans_Page_42-692x1024.jpg 692w\" sizes=\"auto, (max-width: 189px) 100vw, 189px\" \/><\/a><figcaption id=\"caption-attachment-388\" class=\"wp-caption-text\">El Padre Fr\u00e9d\u00e9ric y los ni\u00f1os.<\/figcaption><\/figure>\n<\/div>\n<p><a href=\"https:\/\/perefrederic.ca\/wp-content\/uploads\/2014\/05\/1Q4A0295.jpg\" data-rel=\"lightbox-image-2\" data-rl_title=\"\" data-rl_caption=\"\" title=\"\"><img loading=\"lazy\" decoding=\"async\" class=\"sans-style alignright wp-image-390 size-thumbnail\" src=\"https:\/\/perefrederic.ca\/wp-content\/uploads\/2014\/05\/sa-force.png\" alt=\"La vida de Fr\u00e9d\u00e9ric Janssoone\" width=\"377\" height=\"285\" \/><\/a><br \/>\nPero \u00e9l no es s\u00f3lo una inspiraci\u00f3n y un motivador para la juventud, \u00e9l lo es para la Iglesia entera y para los pueblos. Su mayor obra es la de descubrirnos a Jes\u00fas y los Santos lugares donde \u00e9l vivi\u00f3.<\/p>\n<p>Su pasatiempo, era conducir los peregrinos rezando y cantando. \u00c9l comenz\u00f3 en Tierra Santa, con los peregrinos internacionales y lo continu\u00f3 de manera remarcable en Canad\u00e1.<\/p>\n<p>\u00c9l contribuy\u00f3 exitosamente con las peregrinaciones en Sainte-Anne de Beaupr\u00e9 y del Oratorio de Saint-Joseph-du-Mont-Royal; cuando los Oblatos de Marie-Immacul\u00e9e toman a su cargo el Santuario de Notre-Dame-du-Cap en 1902, la frecuentaci\u00f3n de peregrinos var\u00eda entre 30&nbsp;000 y 40&nbsp;000 personas por a\u00f1o.<\/p>\n","protected":false},"excerpt":{"rendered":"<p>El Beato Fr\u00e9d\u00e9ric tiene todo lo de un comunicador nato. El transmite a las multitudes su entusiasmo, su confianza, su fascinaci\u00f3n por la vida de Jes\u00fas. En el tema de la confianza y de la motivaci\u00f3n, \u00e9l tiene eso que a\u00fan hace falta, cien a\u00f1os m\u00e1s tarde, para motivar la juventud de hoy. Pero \u00e9l [&hellip;]<\/p>\n","protected":false},"author":3,"featured_media":0,"parent":1020,"menu_order":0,"comment_status":"open","ping_status":"closed","template":"","meta":{"_acf_changed":false,"footnotes":""},"class_list":["post-1038","page","type-page","status-publish","hentry"],"acf":[],"_links":{"self":[{"href":"https:\/\/perefrederic.ca\/es\/wp-json\/wp\/v2\/pages\/1038","targetHints":{"allow":["GET"]}}],"collection":[{"href":"https:\/\/perefrederic.ca\/es\/wp-json\/wp\/v2\/pages"}],"about":[{"href":"https:\/\/perefrederic.ca\/es\/wp-json\/wp\/v2\/types\/page"}],"author":[{"embeddable":true,"href":"https:\/\/perefrederic.ca\/es\/wp-json\/wp\/v2\/users\/3"}],"replies":[{"embeddable":true,"href":"https:\/\/perefrederic.ca\/es\/wp-json\/wp\/v2\/comments?post=1038"}],"version-history":[{"count":2,"href":"https:\/\/perefrederic.ca\/es\/wp-json\/wp\/v2\/pages\/1038\/revisions"}],"predecessor-version":[{"id":1040,"href":"https:\/\/perefrederic.ca\/es\/wp-json\/wp\/v2\/pages\/1038\/revisions\/1040"}],"up":[{"embeddable":true,"href":"https:\/\/perefrederic.ca\/es\/wp-json\/wp\/v2\/pages\/1020"}],"wp:attachment":[{"href":"https:\/\/perefrederic.ca\/es\/wp-json\/wp\/v2\/media?parent=1038"}],"curies":[{"name":"wp","href":"https:\/\/api.w.org\/{rel}","templated":true}]}}