{"id":1034,"date":"2015-05-26T10:07:11","date_gmt":"2015-05-26T14:07:11","guid":{"rendered":"https:\/\/perefrederic.ca\/?page_id=1034"},"modified":"2015-05-26T10:08:44","modified_gmt":"2015-05-26T14:08:44","slug":"su-devocion-mariana","status":"publish","type":"page","link":"https:\/\/perefrederic.ca\/es\/un-ser-espiritual\/su-devocion-mariana\/","title":{"rendered":"Su devoci\u00f3n Mariana"},"content":{"rendered":"<p><img loading=\"lazy\" decoding=\"async\" class=\"alignleft wp-image-384 size-medium\" src=\"https:\/\/perefrederic.ca\/wp-content\/uploads\/2014\/05\/1Q4A3219-2-300x196.jpg\" alt=\"Vie du P\u00e8re Fr\u00e9d\u00e9ric\" width=\"300\" height=\"196\" srcset=\"https:\/\/perefrederic.ca\/wp-content\/uploads\/2014\/05\/1Q4A3219-2-300x196.jpg 300w, https:\/\/perefrederic.ca\/wp-content\/uploads\/2014\/05\/1Q4A3219-2-1024x671.jpg 1024w\" sizes=\"auto, (max-width: 300px) 100vw, 300px\" \/><\/p>\n<figure id=\"attachment_533\" aria-describedby=\"caption-attachment-533\" style=\"width: 133px\" class=\"wp-caption alignright\"><a href=\"https:\/\/perefrederic.ca\/wp-content\/uploads\/2014\/05\/prodigedesyeux.jpg\" data-rel=\"lightbox-image-0\" data-rl_title=\"\" data-rl_caption=\"\" title=\"\"><img loading=\"lazy\" decoding=\"async\" class=\"wp-image-533 size-medium\" src=\"https:\/\/perefrederic.ca\/wp-content\/uploads\/2014\/05\/prodigedesyeux-133x300.jpg\" alt=\"El Padre Fr\u00e9d\u00e9ric, uno de los testigos del prodigio de los ojos en 1888\" width=\"133\" height=\"300\" srcset=\"https:\/\/perefrederic.ca\/wp-content\/uploads\/2014\/05\/prodigedesyeux-133x300.jpg 133w, https:\/\/perefrederic.ca\/wp-content\/uploads\/2014\/05\/prodigedesyeux-456x1024.jpg 456w\" sizes=\"auto, (max-width: 133px) 100vw, 133px\" \/><\/a><figcaption id=\"caption-attachment-533\" class=\"wp-caption-text\">El Padre Fr\u00e9d\u00e9ric, uno de los testigos del prodigio de los ojos en 1888<\/figcaption><\/figure>\n<p>La clave de la vida del Padre Fr\u00e9d\u00e9ric, es su paso por Tierra Santa, eso que \u00e9l vivi\u00f3 y todo eso que \u00e9l descubri\u00f3: Jes\u00fas y su madre. Su madre, en el aspecto de la recepci\u00f3n de la Palabra. Su madre, como \u00e9xito de vida y de fecundidad: poner al mismo Dios en el mundo, darle un rostro humano, pasar todas las promesas a su realizaci\u00f3n.<\/p>\n<p>\u00c9l, est\u00e1 unido m\u00edsticamente a Mar\u00eda en su misterio de la anunciaci\u00f3n y la visitaci\u00f3n. El Beato est\u00e1 sin cesar en la recepci\u00f3n de la Palabra, como lo hizo justamente Mar\u00eda. \u00c9l est\u00e1 s\u00f3lidamente conectado, al punto de tener \u00e9l mismo un don de la palabra.<\/p>\n<p>El Beato sabe que una gran centraci\u00f3n Mariana, y lo que \u00e9l vivi\u00f3 durante \u00ab El prodigio de los ojos \u00bb en Notre-Dame-du-Cap, en 1888, arraig\u00f3 singularmente esta uni\u00f3n m\u00edstica a la Virgen Mar\u00eda. Este acontecimiento, lo hizo ser un proclamador de la Palabra, fuera de lo com\u00fan. Una palabra que llega, una palabra que es asimilada, una palabra que no es sino uno, con su ser. La Virgen Mar\u00eda, est\u00e1 enteramente ordenada a la palabra, est\u00e1 toda impregnada: <em>ella meditaba todas las cosas en su coraz\u00f3n<\/em>. Ella hizo las asociaciones entre lo antiguo y lo nuevo, entre lo que ella vivi\u00f3, y ella vio la acci\u00f3n del Verbo en su vida y alrededor de ella.<\/p>\n","protected":false},"excerpt":{"rendered":"<p>La clave de la vida del Padre Fr\u00e9d\u00e9ric, es su paso por Tierra Santa, eso que \u00e9l vivi\u00f3 y todo eso que \u00e9l descubri\u00f3: Jes\u00fas y su madre. Su madre, en el aspecto de la recepci\u00f3n de la Palabra. Su madre, como \u00e9xito de vida y de fecundidad: poner al mismo Dios en el mundo, [&hellip;]<\/p>\n","protected":false},"author":3,"featured_media":0,"parent":1020,"menu_order":0,"comment_status":"open","ping_status":"closed","template":"","meta":{"_acf_changed":false,"footnotes":""},"class_list":["post-1034","page","type-page","status-publish","hentry"],"acf":[],"_links":{"self":[{"href":"https:\/\/perefrederic.ca\/es\/wp-json\/wp\/v2\/pages\/1034","targetHints":{"allow":["GET"]}}],"collection":[{"href":"https:\/\/perefrederic.ca\/es\/wp-json\/wp\/v2\/pages"}],"about":[{"href":"https:\/\/perefrederic.ca\/es\/wp-json\/wp\/v2\/types\/page"}],"author":[{"embeddable":true,"href":"https:\/\/perefrederic.ca\/es\/wp-json\/wp\/v2\/users\/3"}],"replies":[{"embeddable":true,"href":"https:\/\/perefrederic.ca\/es\/wp-json\/wp\/v2\/comments?post=1034"}],"version-history":[{"count":3,"href":"https:\/\/perefrederic.ca\/es\/wp-json\/wp\/v2\/pages\/1034\/revisions"}],"predecessor-version":[{"id":1037,"href":"https:\/\/perefrederic.ca\/es\/wp-json\/wp\/v2\/pages\/1034\/revisions\/1037"}],"up":[{"embeddable":true,"href":"https:\/\/perefrederic.ca\/es\/wp-json\/wp\/v2\/pages\/1020"}],"wp:attachment":[{"href":"https:\/\/perefrederic.ca\/es\/wp-json\/wp\/v2\/media?parent=1034"}],"curies":[{"name":"wp","href":"https:\/\/api.w.org\/{rel}","templated":true}]}}