{"id":1029,"date":"2015-05-26T10:03:38","date_gmt":"2015-05-26T14:03:38","guid":{"rendered":"https:\/\/perefrederic.ca\/?page_id=1029"},"modified":"2015-05-26T10:04:46","modified_gmt":"2015-05-26T14:04:46","slug":"su-gran-secreto-su-vida-interior","status":"publish","type":"page","link":"https:\/\/perefrederic.ca\/es\/un-ser-espiritual\/su-gran-secreto-su-vida-interior\/","title":{"rendered":"Su gran secreto, su vida interior"},"content":{"rendered":"<p>La vida interior del Beato Fr\u00e9d\u00e9ric es notable: su vida de fe, su vida de oraci\u00f3n. Ellas est\u00e1n al origen de este impulso, que lo propulsa a ir hacia la gente, a anunciarles el Evangelio y a animar las peregrinaciones.<\/p>\n<div class=\"centered-imgs well\"><a href=\"https:\/\/perefrederic.ca\/wp-content\/uploads\/2014\/05\/1Q4A0296.jpg\" data-rel=\"lightbox-image-0\" data-rl_title=\"\" data-rl_caption=\"\" title=\"\"><img loading=\"lazy\" decoding=\"async\" class=\"alignnone wp-image-380\" src=\"https:\/\/perefrederic.ca\/wp-content\/uploads\/2014\/05\/1Q4A0296-235x300.jpg\" alt=\"Fr\u00e9d\u00e9ric Janssoone\" width=\"220\" height=\"280\" srcset=\"https:\/\/perefrederic.ca\/wp-content\/uploads\/2014\/05\/1Q4A0296-235x300.jpg 235w, https:\/\/perefrederic.ca\/wp-content\/uploads\/2014\/05\/1Q4A0296-804x1024.jpg 804w\" sizes=\"auto, (max-width: 220px) 100vw, 220px\" \/><\/a> <a href=\"https:\/\/perefrederic.ca\/wp-content\/uploads\/2014\/05\/1Q4A0301.jpg\" data-rel=\"lightbox-image-1\" data-rl_title=\"\" data-rl_caption=\"\" title=\"\"><img loading=\"lazy\" decoding=\"async\" class=\"alignnone wp-image-381\" src=\"https:\/\/perefrederic.ca\/wp-content\/uploads\/2014\/05\/1Q4A0301-300x234.jpg\" alt=\"Fr\u00e9d\u00e9ric Janssoone\" width=\"358\" height=\"280\" srcset=\"https:\/\/perefrederic.ca\/wp-content\/uploads\/2014\/05\/1Q4A0301-300x234.jpg 300w, https:\/\/perefrederic.ca\/wp-content\/uploads\/2014\/05\/1Q4A0301-1024x801.jpg 1024w\" sizes=\"auto, (max-width: 358px) 100vw, 358px\" \/><\/a><\/div>\n<p>Todos los testimonios hablan de su vida interior, como de la perla preciosa y del tesoro de gran precio, querido por el Evangelio. El Padre Matthieu-M. Daunais, ofm :<\/p>\n<blockquote><p>\u00ab <em>A la oraci\u00f3n como al trabajo, \u00e9l no perdi\u00f3 el punto de vista de Dios conservando en una paz profunda la pureza de su alma por la pureza de sus intenciones. Llevando una vida muy activa, ten\u00eda un gusto muy profundo por la vida interior. Eso mismo <\/em>era lo caracter\u00edstico de su santidad<em>. <\/em>\u00bb<br \/>\n<strong>(El Padre Fr\u00e9d\u00e9ric de Ghyvelde, \u00e9d. Charles Paillart, Abbeville, France, 1926, p. 8-10)<\/strong><\/p><\/blockquote>\n","protected":false},"excerpt":{"rendered":"<p>La vida interior del Beato Fr\u00e9d\u00e9ric es notable: su vida de fe, su vida de oraci\u00f3n. Ellas est\u00e1n al origen de este impulso, que lo propulsa a ir hacia la gente, a anunciarles el Evangelio y a animar las peregrinaciones. Todos los testimonios hablan de su vida interior, como de la perla preciosa y del [&hellip;]<\/p>\n","protected":false},"author":3,"featured_media":0,"parent":1020,"menu_order":0,"comment_status":"open","ping_status":"closed","template":"","meta":{"_acf_changed":false,"footnotes":""},"class_list":["post-1029","page","type-page","status-publish","hentry"],"acf":[],"_links":{"self":[{"href":"https:\/\/perefrederic.ca\/es\/wp-json\/wp\/v2\/pages\/1029","targetHints":{"allow":["GET"]}}],"collection":[{"href":"https:\/\/perefrederic.ca\/es\/wp-json\/wp\/v2\/pages"}],"about":[{"href":"https:\/\/perefrederic.ca\/es\/wp-json\/wp\/v2\/types\/page"}],"author":[{"embeddable":true,"href":"https:\/\/perefrederic.ca\/es\/wp-json\/wp\/v2\/users\/3"}],"replies":[{"embeddable":true,"href":"https:\/\/perefrederic.ca\/es\/wp-json\/wp\/v2\/comments?post=1029"}],"version-history":[{"count":3,"href":"https:\/\/perefrederic.ca\/es\/wp-json\/wp\/v2\/pages\/1029\/revisions"}],"predecessor-version":[{"id":1033,"href":"https:\/\/perefrederic.ca\/es\/wp-json\/wp\/v2\/pages\/1029\/revisions\/1033"}],"up":[{"embeddable":true,"href":"https:\/\/perefrederic.ca\/es\/wp-json\/wp\/v2\/pages\/1020"}],"wp:attachment":[{"href":"https:\/\/perefrederic.ca\/es\/wp-json\/wp\/v2\/media?parent=1029"}],"curies":[{"name":"wp","href":"https:\/\/api.w.org\/{rel}","templated":true}]}}