{"id":1025,"date":"2015-05-26T09:58:58","date_gmt":"2015-05-26T13:58:58","guid":{"rendered":"https:\/\/perefrederic.ca\/?page_id=1025"},"modified":"2015-05-26T10:00:30","modified_gmt":"2015-05-26T14:00:30","slug":"el-hombre-de-la-palabra","status":"publish","type":"page","link":"https:\/\/perefrederic.ca\/es\/un-ser-espiritual\/el-hombre-de-la-palabra\/","title":{"rendered":"El hombre de la palabra"},"content":{"rendered":"<p><a href=\"https:\/\/perefrederic.ca\/wp-content\/uploads\/2014\/05\/homme-de-la-parole.png\" data-rel=\"lightbox-image-0\" data-rl_title=\"\" data-rl_caption=\"\" title=\"\"><img loading=\"lazy\" decoding=\"async\" class=\"alignleft wp-image-690 size-medium\" src=\"https:\/\/perefrederic.ca\/wp-content\/uploads\/2014\/05\/homme-de-la-parole-300x227.png\" alt=\"El Beato Fr\u00e9d\u00e9ric\" width=\"300\" height=\"227\" srcset=\"https:\/\/perefrederic.ca\/wp-content\/uploads\/2014\/05\/homme-de-la-parole-300x227.png 300w, https:\/\/perefrederic.ca\/wp-content\/uploads\/2014\/05\/homme-de-la-parole.png 341w\" sizes=\"auto, (max-width: 300px) 100vw, 300px\" \/><\/a>El Beato Fr\u00e9d\u00e9ric, no es de esos que uno llama un te\u00f3logo que brilla, al explicar el evangelio extray\u00e9ndole todo el significado de una manera progresista. No, \u00e9l, explica lo que siempre ha dicho la Iglesia en la expresi\u00f3n de su fe, pero lo hace con calor, con br\u00edo, con pasi\u00f3n, <em>en el tono de la confianza<\/em>, dicen los testigos, de suerte que nos remite directamente a Jes\u00fas de Nazaret. Su vida y su predicaci\u00f3n son una ilustraci\u00f3n de eso que dicen de Jes\u00fas mismo: <em>El celo de la casa de Dios me devora (Jn 2,17).<\/em> El celo pastoral de este predicador infatigable, encuentra su origen en su amor del pa\u00eds Jes\u00fas. Adem\u00e1s de las fraternidades seculares de san Francisco y de su p\u00e1rroco que suelen visitarlo seguido en plena semana, lo piden sin descanso para las predicaciones. Los peregrinos del verano, venidas en barco o en tren a la Bas\u00edlica de Sainte-Anne de-Beaupr\u00e9, al Santuario Notre-Dame-du-Cap y despu\u00e9s de 1912, en el Oratorio Saint-Joseph du Mont-Royal, le ofrecen una oportunidad privilegiada de prolongar sus audiencias frente a un auditorio ganado por adelantado.<\/p>\n<div class=\"well alignnone small-quote\">\n<blockquote><p><em>\u00c9l env\u00eda su palabra: el deshielo se produce; \u00c9l extiende su aliento: las aguas fluyen<\/em><br \/>\n<strong>(Ps 147, 18)<\/strong><\/p><\/blockquote>\n<\/div>\n<figure id=\"attachment_375\" aria-describedby=\"caption-attachment-375\" style=\"width: 250px\" class=\"wp-caption alignright\"><a href=\"https:\/\/perefrederic.ca\/wp-content\/uploads\/2014\/05\/franciscans_Page_32.jpg\" data-rel=\"lightbox-image-1\" data-rl_title=\"\" data-rl_caption=\"\" title=\"\"><img decoding=\"async\" class=\"wp-image-375\" src=\"https:\/\/perefrederic.ca\/wp-content\/uploads\/2014\/05\/franciscans_Page_32.jpg\" alt=\"Predicaci\u00f3n en Cap-de-la-Madeleine\" width=\"250\" srcset=\"https:\/\/perefrederic.ca\/wp-content\/uploads\/2014\/05\/franciscans_Page_32.jpg 4291w, https:\/\/perefrederic.ca\/wp-content\/uploads\/2014\/05\/franciscans_Page_32-679x1024.jpg 679w\" sizes=\"(max-width: 4291px) 100vw, 4291px\" \/><\/a><figcaption id=\"caption-attachment-375\" class=\"wp-caption-text\">Predicaci\u00f3n en Cap-de-la-Madeleine<\/figcaption><\/figure>\n<p>\u00c9l, puede pronunciar 100 alocuciones en 9 d\u00edas, como lo hizo en el Cairo en 1881, sus alocuciones son de una duraci\u00f3n de dos horas; a veces, \u00e9l, hace hasta seis alocuciones el mismo d\u00eda, llevando, a veces dos retiros por adelantado, como en Bordeaux y despu\u00e9s en el Cairo. El predica mucho tiempo, preside la Eucarist\u00eda, escucha las confesiones, a veces de 8 horas por la ma\u00f1ana, 10 horas por la tarde. El Padre L\u00e9andre Poirier escribe:<\/p>\n<blockquote><p>\u00ab<em>Si nos detenemos solamente en la fiesta del 2 de agosto de Notre-Dame-des-Anges o la Indulgencia de la Porci\u00fancula, debemos hablar del verdadero marat\u00f3n, que cubre la animaci\u00f3n desde el d\u00eda antes al medio d\u00eda, hasta la tarde de la fiesta, <\/em>bien entrada la noche; <em>mientras que los fieles se renuevan constantemente para ganar, las m\u00e1s indulgencias posibles, seg\u00fan el n\u00famero de sus visitas a la Iglesia.<\/em>\u00bb<\/p><\/blockquote>\n<h4>Conectado a una fuente interna<\/h4>\n<p>Es una experiencia m\u00edstica y nupcial, y por lo tanto es primero subsidiaria. \u00c9l vive verdaderamente como un hijo de Mar\u00eda. Eso se manifiesta a trav\u00e9s de su obediencia a sus superiores, lo que no le impide ser audaz. Por lo tanto, no es una obediencia estrecha, pero si, una obediencia imaginativa, audaz, conmovedora. Sus superiores han debido decir seguido: obs\u00e9rvenlo, el desborda por su libertad interior y su capacidad de ir hacia la vida. La gente no se equivoc\u00f3, los simples, los peque\u00f1os, aquellos que tienen el don de discernir a trav\u00e9s de \u00e9l, una aut\u00e9ntica presencia de Dios. No nos fatigamos de escucharlo. Las personas se emocionan, lloran, las sanaciones exteriores llegan, pero \u00e9l, est\u00e1 seguro que las sanaciones interiores son infinitamente m\u00e1s numerosas. <em>\u00c9l env\u00eda su palabra sobre la tierra, su palabra viaja r\u00e1pido.<\/em><\/p>\n<h3 style=\"text-align: center;\">No es sorprendente que, con su palabra, \u00e9l ha tocado a muchas personas!<\/h3>\n","protected":false},"excerpt":{"rendered":"<p>El Beato Fr\u00e9d\u00e9ric, no es de esos que uno llama un te\u00f3logo que brilla, al explicar el evangelio extray\u00e9ndole todo el significado de una manera progresista. No, \u00e9l, explica lo que siempre ha dicho la Iglesia en la expresi\u00f3n de su fe, pero lo hace con calor, con br\u00edo, con pasi\u00f3n, en el tono de [&hellip;]<\/p>\n","protected":false},"author":3,"featured_media":0,"parent":1020,"menu_order":0,"comment_status":"open","ping_status":"closed","template":"","meta":{"_acf_changed":false,"footnotes":""},"class_list":["post-1025","page","type-page","status-publish","hentry"],"acf":[],"_links":{"self":[{"href":"https:\/\/perefrederic.ca\/es\/wp-json\/wp\/v2\/pages\/1025","targetHints":{"allow":["GET"]}}],"collection":[{"href":"https:\/\/perefrederic.ca\/es\/wp-json\/wp\/v2\/pages"}],"about":[{"href":"https:\/\/perefrederic.ca\/es\/wp-json\/wp\/v2\/types\/page"}],"author":[{"embeddable":true,"href":"https:\/\/perefrederic.ca\/es\/wp-json\/wp\/v2\/users\/3"}],"replies":[{"embeddable":true,"href":"https:\/\/perefrederic.ca\/es\/wp-json\/wp\/v2\/comments?post=1025"}],"version-history":[{"count":3,"href":"https:\/\/perefrederic.ca\/es\/wp-json\/wp\/v2\/pages\/1025\/revisions"}],"predecessor-version":[{"id":1028,"href":"https:\/\/perefrederic.ca\/es\/wp-json\/wp\/v2\/pages\/1025\/revisions\/1028"}],"up":[{"embeddable":true,"href":"https:\/\/perefrederic.ca\/es\/wp-json\/wp\/v2\/pages\/1020"}],"wp:attachment":[{"href":"https:\/\/perefrederic.ca\/es\/wp-json\/wp\/v2\/media?parent=1025"}],"curies":[{"name":"wp","href":"https:\/\/api.w.org\/{rel}","templated":true}]}}