{"id":1022,"date":"2015-05-26T09:51:43","date_gmt":"2015-05-26T13:51:43","guid":{"rendered":"https:\/\/perefrederic.ca\/?page_id=1022"},"modified":"2015-06-19T16:15:32","modified_gmt":"2015-06-19T20:15:32","slug":"su-gran-pasion-jesus-de-nazaret","status":"publish","type":"page","link":"https:\/\/perefrederic.ca\/es\/un-ser-espiritual\/su-gran-pasion-jesus-de-nazaret\/","title":{"rendered":"Su gran pasi\u00f3n, Jes\u00fas de Nazaret"},"content":{"rendered":"<figure id=\"attachment_231\" aria-describedby=\"caption-attachment-231\" style=\"width: 300px\" class=\"wp-caption alignright\"><a href=\"https:\/\/perefrederic.ca\/wp-content\/uploads\/2014\/05\/pelle.jpg\" data-rel=\"lightbox-image-0\" data-rl_title=\"\" data-rl_caption=\"\" title=\"\"><img loading=\"lazy\" decoding=\"async\" class=\"wp-image-231 size-medium\" src=\"https:\/\/perefrederic.ca\/wp-content\/uploads\/2014\/05\/pelle-300x200.jpg\" alt=\"Camino de la Cruz en Jerusal\u00e9n restablecido por el Padre Fr\u00e9d\u00e9ric.\" width=\"300\" height=\"200\" srcset=\"https:\/\/perefrederic.ca\/wp-content\/uploads\/2014\/05\/pelle-300x200.jpg 300w, https:\/\/perefrederic.ca\/wp-content\/uploads\/2014\/05\/pelle.jpg 640w\" sizes=\"auto, (max-width: 300px) 100vw, 300px\" \/><\/a><figcaption id=\"caption-attachment-231\" class=\"wp-caption-text\">Camino de la Cruz en Jerusal\u00e9n restablecido por el Padre Fr\u00e9d\u00e9ric.<\/figcaption><\/figure>\n<p>Si hay una primera cosa a extraer de la vida del Padre Fr\u00e9d\u00e9ric, es su pasi\u00f3n por Jes\u00fas de Nazaret.<\/p>\n<p>Su primera educaci\u00f3n la encarril\u00f3 hacia los evangelios. Despu\u00e9s, su formaci\u00f3n con los franciscanos, sus esfuerzos para convertirse en un misionero en Tierra Santa, sus escritos y libros como sus sermones sobre Jes\u00fas hijo del hombre e hijo de Dios; todo nos revela que el Beato Fr\u00e9d\u00e9ric, es el misionero de Tierra Santa por excelencia. Su obra nos orienta a conocer a Jes\u00fas, en los misterios de su humanidad, su nacimiento, su vida p\u00fablica, su Pasi\u00f3n y su Resurrecci\u00f3n.<\/p>\n<p>\u00c9l es aquel, que ha caminado el pa\u00eds de Jes\u00fas en todos los sentidos, durante 14 a\u00f1os, donde vivi\u00f3 en Tierra Santa. Cuando los Caminos de la Cruz son prohibidos en Jerusal\u00e9n despu\u00e9s de 1621, el Padre Fr\u00e9deric negoci\u00f3 con los \u00e1rabes musulmanes, el derecho a predicar por el Camino de la Cruz en la V\u00eda dolorosa y en los souks achalad\u00e9s de Jerusal\u00e9n. Dirige los trabajos de construcci\u00f3n de la iglesia de Santa-Catalina, cerca de la Bas\u00edlica de la Natividad en Bel\u00e9n. Adem\u00e1s, fue colector en Francia, despu\u00e9s en Canad\u00e1, desde su primera estancia en 1881, para esta construcci\u00f3n.<\/p>\n<p>\u00c9l es un pionero de la difusi\u00f3n de los evangelios en Canad\u00e1; de 1893 a 1907, su Vida de Nuestro Se\u00f1or Jesucristo, un texto armonizado por los evangelios, hab\u00eda tenido ocho impresiones, eso que representa un total de 42,000 ejemplares; \u00ab\u00a0<em>eso fue sin duda el m\u00e1s grande \u00e9xito de las librer\u00edas en Canad\u00e1.<\/em>\u00bb (L\u00e9gar\u00e9 \u2013 Baillargeon, El Buen Padre Fr\u00e9d\u00e9ric, Montr\u00e9al, ed. Paulinas, 1988, p. 277). El Beato Fr\u00e9d\u00e9ric, podr\u00eda ser patr\u00f3n de los investigadores de sentido y de verdad, quienes se ponen al estudio de los Evangelios y sobre todo de la vida de <strong>Jes\u00fas de Nazaret, el hombre Jes\u00fas primero<\/strong>.<\/p>\n<div class=\"well\">\n<blockquote><p>\u00ab<em>Toda la vida del Buen Padre Fr\u00e9d\u00e9ric, fue de servir a la patria terrestre del Dios hecho hombre, de hacerla conocer, venerar y amar. <\/em>Lo que m\u00e1s llama acerca de \u00e9l<em>, <\/em>es su dedicaci\u00f3n incansable <em>por los Santo Lugares, por la vida y la Pasi\u00f3n del Divino Salvador.<\/em>\u00bb<br \/>\n<strong>Romain L\u00e9gar\u00e9, El recuerdo, vol. 14, no 2 (abril-junio 1967), p.3.<\/strong><\/p><\/blockquote>\n<\/div>\n","protected":false},"excerpt":{"rendered":"<p>Si hay una primera cosa a extraer de la vida del Padre Fr\u00e9d\u00e9ric, es su pasi\u00f3n por Jes\u00fas de Nazaret. Su primera educaci\u00f3n la encarril\u00f3 hacia los evangelios. Despu\u00e9s, su formaci\u00f3n con los franciscanos, sus esfuerzos para convertirse en un misionero en Tierra Santa, sus escritos y libros como sus sermones sobre Jes\u00fas hijo del [&hellip;]<\/p>\n","protected":false},"author":3,"featured_media":0,"parent":1020,"menu_order":0,"comment_status":"open","ping_status":"closed","template":"","meta":{"_acf_changed":false,"footnotes":""},"class_list":["post-1022","page","type-page","status-publish","hentry"],"acf":[],"_links":{"self":[{"href":"https:\/\/perefrederic.ca\/es\/wp-json\/wp\/v2\/pages\/1022","targetHints":{"allow":["GET"]}}],"collection":[{"href":"https:\/\/perefrederic.ca\/es\/wp-json\/wp\/v2\/pages"}],"about":[{"href":"https:\/\/perefrederic.ca\/es\/wp-json\/wp\/v2\/types\/page"}],"author":[{"embeddable":true,"href":"https:\/\/perefrederic.ca\/es\/wp-json\/wp\/v2\/users\/3"}],"replies":[{"embeddable":true,"href":"https:\/\/perefrederic.ca\/es\/wp-json\/wp\/v2\/comments?post=1022"}],"version-history":[{"count":4,"href":"https:\/\/perefrederic.ca\/es\/wp-json\/wp\/v2\/pages\/1022\/revisions"}],"predecessor-version":[{"id":1172,"href":"https:\/\/perefrederic.ca\/es\/wp-json\/wp\/v2\/pages\/1022\/revisions\/1172"}],"up":[{"embeddable":true,"href":"https:\/\/perefrederic.ca\/es\/wp-json\/wp\/v2\/pages\/1020"}],"wp:attachment":[{"href":"https:\/\/perefrederic.ca\/es\/wp-json\/wp\/v2\/media?parent=1022"}],"curies":[{"name":"wp","href":"https:\/\/api.w.org\/{rel}","templated":true}]}}