{"id":1020,"date":"2015-05-26T09:48:22","date_gmt":"2015-05-26T13:48:22","guid":{"rendered":"https:\/\/perefrederic.ca\/?page_id=1020"},"modified":"2015-05-26T13:28:14","modified_gmt":"2015-05-26T17:28:14","slug":"un-ser-espiritual","status":"publish","type":"page","link":"https:\/\/perefrederic.ca\/es\/un-ser-espiritual\/","title":{"rendered":"Un ser espiritual"},"content":{"rendered":"<p><a class=\"alignright\" href=\"https:\/\/perefrederic.ca\/wp-content\/uploads\/2014\/05\/1Q4A0190.jpg\" data-rel=\"lightbox-image-0\" data-rl_title=\"\" data-rl_caption=\"\" title=\"\"><img loading=\"lazy\" decoding=\"async\" class=\"alignnone wp-image-590 size-medium\" src=\"https:\/\/perefrederic.ca\/wp-content\/uploads\/2014\/05\/1Q4A0190-249x300.jpg\" alt=\"P\u00e8re Fr\u00e9d\u00e9ric Janssoone\" width=\"249\" height=\"300\" srcset=\"https:\/\/perefrederic.ca\/wp-content\/uploads\/2014\/05\/1Q4A0190-249x300.jpg 249w, https:\/\/perefrederic.ca\/wp-content\/uploads\/2014\/05\/1Q4A0190-850x1024.jpg 850w, https:\/\/perefrederic.ca\/wp-content\/uploads\/2014\/05\/1Q4A0190.jpg 1799w\" sizes=\"auto, (max-width: 249px) 100vw, 249px\" \/><\/a><\/p>\n","protected":false},"excerpt":{"rendered":"","protected":false},"author":3,"featured_media":0,"parent":0,"menu_order":30,"comment_status":"open","ping_status":"closed","template":"page-list-subpages.php","meta":{"_acf_changed":false,"footnotes":""},"class_list":["post-1020","page","type-page","status-publish","hentry"],"acf":[],"_links":{"self":[{"href":"https:\/\/perefrederic.ca\/es\/wp-json\/wp\/v2\/pages\/1020","targetHints":{"allow":["GET"]}}],"collection":[{"href":"https:\/\/perefrederic.ca\/es\/wp-json\/wp\/v2\/pages"}],"about":[{"href":"https:\/\/perefrederic.ca\/es\/wp-json\/wp\/v2\/types\/page"}],"author":[{"embeddable":true,"href":"https:\/\/perefrederic.ca\/es\/wp-json\/wp\/v2\/users\/3"}],"replies":[{"embeddable":true,"href":"https:\/\/perefrederic.ca\/es\/wp-json\/wp\/v2\/comments?post=1020"}],"version-history":[{"count":2,"href":"https:\/\/perefrederic.ca\/es\/wp-json\/wp\/v2\/pages\/1020\/revisions"}],"predecessor-version":[{"id":1094,"href":"https:\/\/perefrederic.ca\/es\/wp-json\/wp\/v2\/pages\/1020\/revisions\/1094"}],"wp:attachment":[{"href":"https:\/\/perefrederic.ca\/es\/wp-json\/wp\/v2\/media?parent=1020"}],"curies":[{"name":"wp","href":"https:\/\/api.w.org\/{rel}","templated":true}]}}