{"id":1018,"date":"2015-05-26T09:46:47","date_gmt":"2015-05-26T13:46:47","guid":{"rendered":"https:\/\/perefrederic.ca\/?page_id=1018"},"modified":"2015-06-22T09:25:00","modified_gmt":"2015-06-22T13:25:00","slug":"hacia-la-canonizacion","status":"publish","type":"page","link":"https:\/\/perefrederic.ca\/es\/hacia-la-canonizacion\/","title":{"rendered":"Hacia la canonizaci\u00f3n"},"content":{"rendered":"<p><img loading=\"lazy\" decoding=\"async\" class=\"alignright wp-image-212 size-medium\" src=\"https:\/\/perefrederic.ca\/wp-content\/uploads\/2014\/05\/canon-300x212.jpg\" alt=\"Padre Fr\u00e9d\u00e9ric Janssoone\" width=\"300\" height=\"212\" srcset=\"https:\/\/perefrederic.ca\/wp-content\/uploads\/2014\/05\/canon-300x212.jpg 300w, https:\/\/perefrederic.ca\/wp-content\/uploads\/2014\/05\/canon.jpg 735w\" sizes=\"auto, (max-width: 300px) 100vw, 300px\" \/>Ya durante su vida, el padre goza de una gran reputaci\u00f3n de santidad. Lo llaman el Buen padre Fr\u00e9d\u00e9ric y la gente le profesa, una gran piedad.<\/p>\n<p><strong>1916-1925<\/strong><\/p>\n<p>Desde su muerte, los fieles no cesan de exigir un proceso can\u00f3nico para la beatificaci\u00f3n del Padre Fr\u00e9d\u00e9ric; M\u00e1s de 500 favores obtenidos por su intercesi\u00f3n son se\u00f1alados.<\/p>\n<p><strong>1927-1937<\/strong><\/p>\n<figure id=\"attachment_220\" aria-describedby=\"caption-attachment-220\" style=\"width: 300px\" class=\"wp-caption alignright\"><img loading=\"lazy\" decoding=\"async\" class=\"wp-image-220 size-medium\" src=\"https:\/\/perefrederic.ca\/wp-content\/uploads\/2014\/05\/placeSt-Pierre-300x223.jpg\" alt=\"Beatificaci\u00f3n del Padre Fr\u00e9d\u00e9ric en 1988\" width=\"300\" height=\"223\" srcset=\"https:\/\/perefrederic.ca\/wp-content\/uploads\/2014\/05\/placeSt-Pierre-300x223.jpg 300w, https:\/\/perefrederic.ca\/wp-content\/uploads\/2014\/05\/placeSt-Pierre.jpg 627w\" sizes=\"auto, (max-width: 300px) 100vw, 300px\" \/><figcaption id=\"caption-attachment-220\" class=\"wp-caption-text\">Beatificaci\u00f3n del Padre Fr\u00e9d\u00e9ric en 1988<\/figcaption><\/figure>\n<p>Proceso informativo en Trois-Rivi\u00e8res seguido del estudio de sus escritos.<\/p>\n<p><strong>1948<\/strong><\/p>\n<p>Proceso apost\u00f3lico en Trois-Rivi\u00e8res, sobre sus virtudes y su reputaci\u00f3n de santidad.<\/p>\n<p><strong>13 de enero de 1948<\/strong><\/p>\n<p>Primera apertura de la tumba, para comprobar la conservaci\u00f3n del cuerpo del Padre Fr\u00e9d\u00e9ric.<\/p>\n<p><strong>1948 \u2013 1949<\/strong><\/p>\n<p>Proceso apost\u00f3lico en Francia y en Tierra Santa.<\/p>\n<p><strong>21 de marzo de 1985<\/strong><\/p>\n<figure id=\"attachment_221\" aria-describedby=\"caption-attachment-221\" style=\"width: 300px\" class=\"wp-caption alignright\"><img loading=\"lazy\" decoding=\"async\" class=\"wp-image-221 size-medium\" src=\"https:\/\/perefrederic.ca\/wp-content\/uploads\/2014\/05\/placeSt-Pierre2-300x247.jpg\" alt=\"Plaza de san Pedro\" width=\"300\" height=\"247\" srcset=\"https:\/\/perefrederic.ca\/wp-content\/uploads\/2014\/05\/placeSt-Pierre2-300x247.jpg 300w, https:\/\/perefrederic.ca\/wp-content\/uploads\/2014\/05\/placeSt-Pierre2.jpg 539w\" sizes=\"auto, (max-width: 300px) 100vw, 300px\" \/><figcaption id=\"caption-attachment-221\" class=\"wp-caption-text\">Plaza de San Pedro<\/figcaption><\/figure>\n<p>Promulgaci\u00f3n del decreto de hero\u00edsmo de virtudes del Padre Fr\u00e9d\u00e9ric, por el Papa Juan Pablo Segundo, quien lo declara \u00ab\u00a0Venerable\u00a0\u00bb.<br \/>\n<strong>28 de marzo de 1988<\/strong><\/p>\n<p>Segunda apertura de la tumba, exhumaci\u00f3n y toma de reliquias.<\/p>\n<p><strong>25 de septiembre de 1988 <\/strong><\/p>\n<p>Cien a\u00f1os despu\u00e9s del \u00ab\u00a0Prodigio de los ojos\u00a0\u00bb; ceremonia solemne de la beatificaci\u00f3n por el Papa Juan Pablo segundo, en la plaza de san Pedro en Roma frente a m\u00e1s de 50\u00a0000 personas.<\/p>\n<p>&nbsp;<\/p>\n<hr \/>\n<p>&nbsp;<\/p>\n<figure id=\"attachment_354\" aria-describedby=\"caption-attachment-354\" style=\"width: 180px\" class=\"wp-caption alignright\"><a href=\"https:\/\/perefrederic.ca\/wp-content\/uploads\/2014\/05\/roland-bonenfant.jpg\" data-rel=\"lightbox-image-0\" data-rl_title=\"\" data-rl_caption=\"\" title=\"\"><img loading=\"lazy\" decoding=\"async\" class=\"wp-image-354\" src=\"https:\/\/perefrederic.ca\/wp-content\/uploads\/2014\/05\/roland-bonenfant.jpg\" alt=\"Roland Bonenfant\" width=\"180\" height=\"215\" srcset=\"https:\/\/perefrederic.ca\/wp-content\/uploads\/2014\/05\/roland-bonenfant.jpg 348w, https:\/\/perefrederic.ca\/wp-content\/uploads\/2014\/05\/roland-bonenfant-251x300.jpg 251w\" sizes=\"auto, (max-width: 180px) 100vw, 180px\" \/><\/a><figcaption id=\"caption-attachment-354\" class=\"wp-caption-text\">Roland Bonenfant, actual vice-postulador de la Causa del Padre Fr\u00e9d\u00e9ric.<\/figcaption><\/figure>\n<h3>En ruta hacia la canonizaci\u00f3n<\/h3>\n<p>El expediente de la canonizaci\u00f3n progresa. Varios favores obtenidos son se\u00f1alados regularmente al vice-postulador de la Causa del Padre Fr\u00e9d\u00e9ric.<\/p>\n<div class=\"well\" style=\"width: 640px;\">\n<blockquote><p>\u00ab <em>Usted nos ha enviado un santo<em>, un religioso de un poder extraordinario. Los enfermos lo buscan y lo siguen por todas partes. Literalmente nos peleamos<\/em> \u00bb<br \/>\n<span style=\"font-size: 13px;\"><strong>&#8211; Luc D\u00e9silets, p\u00e1rroco 1881<\/strong><\/span><\/p><\/blockquote>\n<\/div>\n","protected":false},"excerpt":{"rendered":"<p>Ya durante su vida, el padre goza de una gran reputaci\u00f3n de santidad. Lo llaman el Buen padre Fr\u00e9d\u00e9ric y la gente le profesa, una gran piedad. 1916-1925 Desde su muerte, los fieles no cesan de exigir un proceso can\u00f3nico para la beatificaci\u00f3n del Padre Fr\u00e9d\u00e9ric; M\u00e1s de 500 favores obtenidos por su intercesi\u00f3n son [&hellip;]<\/p>\n","protected":false},"author":3,"featured_media":0,"parent":0,"menu_order":20,"comment_status":"open","ping_status":"closed","template":"","meta":{"_acf_changed":false,"footnotes":""},"class_list":["post-1018","page","type-page","status-publish","hentry"],"acf":[],"_links":{"self":[{"href":"https:\/\/perefrederic.ca\/es\/wp-json\/wp\/v2\/pages\/1018","targetHints":{"allow":["GET"]}}],"collection":[{"href":"https:\/\/perefrederic.ca\/es\/wp-json\/wp\/v2\/pages"}],"about":[{"href":"https:\/\/perefrederic.ca\/es\/wp-json\/wp\/v2\/types\/page"}],"author":[{"embeddable":true,"href":"https:\/\/perefrederic.ca\/es\/wp-json\/wp\/v2\/users\/3"}],"replies":[{"embeddable":true,"href":"https:\/\/perefrederic.ca\/es\/wp-json\/wp\/v2\/comments?post=1018"}],"version-history":[{"count":2,"href":"https:\/\/perefrederic.ca\/es\/wp-json\/wp\/v2\/pages\/1018\/revisions"}],"predecessor-version":[{"id":1173,"href":"https:\/\/perefrederic.ca\/es\/wp-json\/wp\/v2\/pages\/1018\/revisions\/1173"}],"wp:attachment":[{"href":"https:\/\/perefrederic.ca\/es\/wp-json\/wp\/v2\/media?parent=1018"}],"curies":[{"name":"wp","href":"https:\/\/api.w.org\/{rel}","templated":true}]}}