{"id":1011,"date":"2015-05-25T09:17:49","date_gmt":"2015-05-25T13:17:49","guid":{"rendered":"https:\/\/perefrederic.ca\/?page_id=1011"},"modified":"2015-06-22T10:07:33","modified_gmt":"2015-06-22T14:07:33","slug":"biografia","status":"publish","type":"page","link":"https:\/\/perefrederic.ca\/es\/el-padre-frederic\/biografia\/","title":{"rendered":"Biograf\u00eda"},"content":{"rendered":"<h2>Su pa\u00eds de origen (1838-1876)<\/h2>\n<ul>\n<li>Nacimiento\u00a0: 19 de noviembre de 1838 en Ghyvelde en Francia:<\/li>\n<li>Hijo de Marie-Isabelle Bollengier y Pierre Janssoon, fervorosos cristianos.<\/li>\n<li>Es bautizado bajo los nombre de Fr\u00e9d\u00e9ric Cornil;<\/li>\n<li>Para ayudar a los suyos, interrumpe sus estudios en 1855. Se convierte en viajero comerciante hasta la muerte de su madre.<\/li>\n<li>En 1864, toma el h\u00e1bito de la Orden de Frailes Menores (Los Franciscanos).<\/li>\n<li>Es ordenado Sacerdote en Bourges, el 17 de agosto de 1870.<\/li>\n<li>Ejerce su ministerio como Capell\u00e1n Militar, luego participa en la fundaci\u00f3n del convento de Bordeaux.<\/li>\n<\/ul>\n<div class=\"centered-imgs well\">\n<figure id=\"attachment_126\" aria-describedby=\"caption-attachment-126\" style=\"width: 185px\" class=\"wp-caption alignnone\"><a href=\"https:\/\/perefrederic.ca\/wp-content\/uploads\/2014\/05\/gauche.jpg\" data-rel=\"lightbox-image-0\" data-rl_title=\"\" data-rl_caption=\"\" title=\"\"><img loading=\"lazy\" decoding=\"async\" class=\"wp-image-126\" src=\"https:\/\/perefrederic.ca\/wp-content\/uploads\/2014\/05\/gauche-199x300.jpg\" alt=\"Familia de Fr\u00e9d\u00e9ric Janssoone\" width=\"185\" height=\"279\" srcset=\"https:\/\/perefrederic.ca\/wp-content\/uploads\/2014\/05\/gauche-199x300.jpg 199w, https:\/\/perefrederic.ca\/wp-content\/uploads\/2014\/05\/gauche.jpg 435w\" sizes=\"auto, (max-width: 185px) 100vw, 185px\" \/><\/a><figcaption id=\"caption-attachment-126\" class=\"wp-caption-text\">Su familia<\/figcaption><\/figure>\n<figure id=\"attachment_127\" aria-describedby=\"caption-attachment-127\" style=\"width: 186px\" class=\"wp-caption alignnone\"><a href=\"https:\/\/perefrederic.ca\/wp-content\/uploads\/2014\/05\/centre.jpg\" data-rel=\"lightbox-image-1\" data-rl_title=\"\" data-rl_caption=\"\" title=\"\"><img loading=\"lazy\" decoding=\"async\" class=\"wp-image-127\" src=\"https:\/\/perefrederic.ca\/wp-content\/uploads\/2014\/05\/centre-200x300.jpg\" alt=\"Madre de Fr\u00e9d\u00e9ric Janssoone\" width=\"186\" height=\"279\" srcset=\"https:\/\/perefrederic.ca\/wp-content\/uploads\/2014\/05\/centre-200x300.jpg 200w, https:\/\/perefrederic.ca\/wp-content\/uploads\/2014\/05\/centre.jpg 437w\" sizes=\"auto, (max-width: 186px) 100vw, 186px\" \/><\/a><figcaption id=\"caption-attachment-127\" class=\"wp-caption-text\">Su Madre<\/figcaption><\/figure>\n<figure id=\"attachment_128\" aria-describedby=\"caption-attachment-128\" style=\"width: 186px\" class=\"wp-caption alignnone\"><a href=\"https:\/\/perefrederic.ca\/wp-content\/uploads\/2014\/05\/drotie.jpg\" data-rel=\"lightbox-image-2\" data-rl_title=\"\" data-rl_caption=\"\" title=\"\"><img loading=\"lazy\" decoding=\"async\" class=\"wp-image-128\" src=\"https:\/\/perefrederic.ca\/wp-content\/uploads\/2014\/05\/drotie-200x300.jpg\" alt=\"Fr\u00e9d\u00e9ric Janssoone - Su entrada con los franciscanos\" width=\"186\" height=\"279\" srcset=\"https:\/\/perefrederic.ca\/wp-content\/uploads\/2014\/05\/drotie-200x300.jpg 200w, https:\/\/perefrederic.ca\/wp-content\/uploads\/2014\/05\/drotie.jpg 437w\" sizes=\"auto, (max-width: 186px) 100vw, 186px\" \/><\/a><figcaption id=\"caption-attachment-128\" class=\"wp-caption-text\">Su entrada con los franciscanos<\/figcaption><\/figure>\n<\/div>\n<h2>Su estancia en Tierra Santa (1876-1888)<\/h2>\n<ul>\n<li>Es enviado a Tierra Santa, donde act\u00faa a t\u00edtulo de Vicario Custodial.<\/li>\n<li>El Padre Fr\u00e9d\u00e9ric se revela como un fino diplom\u00e1tico, un h\u00e1bil constructor y un predicador excepcional.<\/li>\n<li>Restablece el uso del Camino de la Cruz de la V\u00eda dolorosa en Jerusal\u00e9n (Viacrucis), interrumpido despu\u00e9s de 1621. Esta tradici\u00f3n se perpet\u00faa todav\u00eda hasta hoy.<\/li>\n<li>Hizo construir en Bel\u00e9n la Iglesia parroquial de Santa-Catalina, contigua a la Bas\u00edlica de la Natividad.<\/li>\n<\/ul>\n<div class=\"centered-imgs well twoimgtop\">\n<figure id=\"attachment_483\" aria-describedby=\"caption-attachment-483\" style=\"width: 275px\" class=\"wp-caption alignnone\"><a href=\"https:\/\/perefrederic.ca\/wp-content\/uploads\/2014\/07\/Via-dolorosa.jpg\" data-rel=\"lightbox-image-3\" data-rl_title=\"\" data-rl_caption=\"\" title=\"\"><img loading=\"lazy\" decoding=\"async\" class=\"wp-image-483 size-full\" src=\"https:\/\/perefrederic.ca\/wp-content\/uploads\/2014\/07\/Via-dolorosa.jpg\" alt=\"V\u00eda dolorosa en Jerusal\u00e9n\" width=\"275\" height=\"183\" \/><\/a><figcaption id=\"caption-attachment-483\" class=\"wp-caption-text\">V\u00eda dolorosa en Jerusal\u00e9n<\/figcaption><\/figure>\n<figure id=\"attachment_482\" aria-describedby=\"caption-attachment-482\" style=\"width: 300px\" class=\"wp-caption alignnone\"><a href=\"https:\/\/perefrederic.ca\/wp-content\/uploads\/2014\/07\/panorama-jerusalem.jpg\" data-rel=\"lightbox-image-4\" data-rl_title=\"\" data-rl_caption=\"\" title=\"\"><img loading=\"lazy\" decoding=\"async\" class=\"wp-image-482 size-medium\" src=\"https:\/\/perefrederic.ca\/wp-content\/uploads\/2014\/07\/panorama-jerusalem-300x199.jpg\" alt=\"Panorama de Jerusal\u00e9n, entrada de la Bas\u00edlica del Santo-Sepulcro\" width=\"300\" height=\"199\" srcset=\"https:\/\/perefrederic.ca\/wp-content\/uploads\/2014\/07\/panorama-jerusalem-300x199.jpg 300w, https:\/\/perefrederic.ca\/wp-content\/uploads\/2014\/07\/panorama-jerusalem.jpg 958w\" sizes=\"auto, (max-width: 300px) 100vw, 300px\" \/><\/a><figcaption id=\"caption-attachment-482\" class=\"wp-caption-text\">Panorama de Jerusal\u00e9n, entrada de la Bas\u00edlica del Santo-Sepulcro.<\/figcaption><\/figure>\n<figure id=\"attachment_490\" aria-describedby=\"caption-attachment-490\" style=\"width: 640px\" class=\"wp-caption alignnone\"><a href=\"https:\/\/perefrederic.ca\/wp-content\/uploads\/2014\/05\/eglise-sainte-cath.jpg\" data-rel=\"lightbox-image-5\" data-rl_title=\"\" data-rl_caption=\"\" title=\"\"><img loading=\"lazy\" decoding=\"async\" class=\"wp-image-490 size-full\" src=\"https:\/\/perefrederic.ca\/wp-content\/uploads\/2014\/05\/eglise-sainte-cath.jpg\" alt=\"Bas\u00edlica del Santo-Sepulcro y de la Resurrecci\u00f3n\" width=\"640\" height=\"663\" srcset=\"https:\/\/perefrederic.ca\/wp-content\/uploads\/2014\/05\/eglise-sainte-cath.jpg 640w, https:\/\/perefrederic.ca\/wp-content\/uploads\/2014\/05\/eglise-sainte-cath-289x300.jpg 289w\" sizes=\"auto, (max-width: 640px) 100vw, 640px\" \/><\/a><figcaption id=\"caption-attachment-490\" class=\"wp-caption-text\">Bas\u00edlica del Santo-Sepulcro y de la Resurrecci\u00f3n<\/figcaption><\/figure>\n<\/div>\n<h2>Su pa\u00eds de adopci\u00f3n, Canad\u00e1 (1888-1916)<\/h2>\n<ul>\n<li>Efect\u00faa su primer viaje a Canad\u00e1 en 1881, para solicitar la ayuda de los Canadienses para Tierra Santa.<\/li>\n<li>Se establece en Trois-Rivi\u00e8res en 1888.<\/li>\n<li>Funda el Comisariado de Tierra Santa en Canad\u00e1 y lo dirige durante 28 a\u00f1os.<\/li>\n<li>Excelente predicador, anima las peregrinaciones a Sainte-Anne-de-Beaupr\u00e9, al Santuario de la R\u00e9paration, en Pointe-aux-Trembles y al Oratorio Saint-Joseph donde entabla amistad con el Santo hermano Andr\u00e9s.<\/li>\n<li>Caminante infatigable, recorre las parroquias para predicar la Palabra de Dios.<\/li>\n<li>Como la conquista inglesa hab\u00eda suprimido la Orden de los Franciscanos (Los recoletos) en Canad\u00e1, esta Orden retoma vida con la llegada del Padre Fr\u00e9d\u00e9ric.<\/li>\n<\/ul>\n<div class=\"centered-imgs well\">\n<figure id=\"attachment_148\" aria-describedby=\"caption-attachment-148\" style=\"width: 280px\" class=\"wp-caption alignnone\"><a href=\"https:\/\/perefrederic.ca\/wp-content\/uploads\/2014\/05\/gauche2.jpg\" data-rel=\"lightbox-image-6\" data-rl_title=\"\" data-rl_caption=\"\" title=\"\"><img loading=\"lazy\" decoding=\"async\" class=\"wp-image-148\" src=\"https:\/\/perefrederic.ca\/wp-content\/uploads\/2014\/05\/gauche2-300x206.jpg\" alt=\"El Santo hermano Andr\u00e9s y el Beato Padre Fr\u00e9d\u00e9ric\" width=\"280\" height=\"185\" \/><\/a><figcaption id=\"caption-attachment-148\" class=\"wp-caption-text\">El Santo hermano Andr\u00e9s y el Beato Padre Fr\u00e9d\u00e9ric<\/figcaption><\/figure>\n<figure id=\"attachment_149\" aria-describedby=\"caption-attachment-149\" style=\"width: 280px\" class=\"wp-caption alignnone\"><a href=\"https:\/\/perefrederic.ca\/wp-content\/uploads\/2014\/05\/droite1.jpg\" data-rel=\"lightbox-image-7\" data-rl_title=\"\" data-rl_caption=\"\" title=\"\"><img loading=\"lazy\" decoding=\"async\" class=\"wp-image-149\" src=\"https:\/\/perefrederic.ca\/wp-content\/uploads\/2014\/05\/droite1-300x198.jpg\" alt=\"Primer Comisariado de Tierra Santa en Trois-Rivi\u00e8res\" width=\"280\" height=\"185\" srcset=\"https:\/\/perefrederic.ca\/wp-content\/uploads\/2014\/05\/droite1-300x198.jpg 300w, https:\/\/perefrederic.ca\/wp-content\/uploads\/2014\/05\/droite1.jpg 678w\" sizes=\"auto, (max-width: 280px) 100vw, 280px\" \/><\/a><figcaption id=\"caption-attachment-149\" class=\"wp-caption-text\">Primer Comisariado de Tierra Santa en Trois-Rivi\u00e8res<\/figcaption><\/figure>\n<\/div>\n<h2>Su obra en el Santuario Notre-Dame-du-Cap<\/h2>\n<p>El Padre Fr\u00e9d\u00e9ric participa en la inauguraci\u00f3n del Santuario de Notre-Dame-du-Cap, el 22 de junio de 1888. \u00c9l es uno de los tres testigos del \u00ab\u00a0Prodigio de los Ojos\u00a0\u00bb. Es director de las peregrinaciones al Santuario de Notre-Dame-du-Cap, durante 14 a\u00f1os, donde atrae un gran n\u00famero de peregrinos. \u00c9l recomienda que los Oblatos de Mar\u00eda Inmaculada se conviertan en los guardianes del Santuario.<\/p>\n<div class=\"centered-imgs well\">\n<figure id=\"attachment_160\" aria-describedby=\"caption-attachment-160\" style=\"width: 300px\" class=\"wp-caption alignnone\"><a href=\"https:\/\/perefrederic.ca\/wp-content\/uploads\/2014\/05\/sanc.jpg\" data-rel=\"lightbox-image-8\" data-rl_title=\"\" data-rl_caption=\"\" title=\"\"><img loading=\"lazy\" decoding=\"async\" class=\"wp-image-160 size-medium\" src=\"https:\/\/perefrederic.ca\/wp-content\/uploads\/2014\/05\/sanc-300x198.jpg\" alt=\"Santuario de Notre-Dame-du-Cap\" width=\"300\" height=\"198\" srcset=\"https:\/\/perefrederic.ca\/wp-content\/uploads\/2014\/05\/sanc-300x198.jpg 300w, https:\/\/perefrederic.ca\/wp-content\/uploads\/2014\/05\/sanc.jpg 640w\" sizes=\"auto, (max-width: 300px) 100vw, 300px\" \/><\/a><figcaption id=\"caption-attachment-160\" class=\"wp-caption-text\">Santuario de Notre-Dame-du-Cap<\/figcaption><\/figure>\n<figure id=\"attachment_570\" aria-describedby=\"caption-attachment-570\" style=\"width: 300px\" class=\"wp-caption alignnone\"><a href=\"https:\/\/perefrederic.ca\/wp-content\/uploads\/2014\/05\/1Q4A0149-3.jpg\" data-rel=\"lightbox-image-9\" data-rl_title=\"\" data-rl_caption=\"\" title=\"\"><img loading=\"lazy\" decoding=\"async\" class=\"wp-image-570 size-medium\" src=\"https:\/\/perefrederic.ca\/wp-content\/uploads\/2014\/05\/1Q4A0149-3-300x293.jpg\" alt=\"El Padre Fr\u00e9d\u00e9ric, uno de los testigos del \u00ab Prodigio de los ojos \u00bb el 22 de junio de 1888.\u00bb\" width=\"300\" height=\"293\" srcset=\"https:\/\/perefrederic.ca\/wp-content\/uploads\/2014\/05\/1Q4A0149-3-300x293.jpg 300w, https:\/\/perefrederic.ca\/wp-content\/uploads\/2014\/05\/1Q4A0149-3.jpg 1000w\" sizes=\"auto, (max-width: 300px) 100vw, 300px\" \/><\/a><figcaption id=\"caption-attachment-570\" class=\"wp-caption-text\">El Padre Fr\u00e9d\u00e9ric, uno de los testigos del \u00ab Prodigio de los ojos \u00bb el 22 de junio de 1888.<\/figcaption><\/figure>\n<\/div>\n<h2>Los caminos de la Cruz<\/h2>\n<p>El Padre Fr\u00e9d\u00e9ric hace erigir tres Caminos de la Cruz, en los cuales las estaciones reproducen las distancias de aquel en Jerusal\u00e9n.<\/p>\n<ul>\n<li>Al Santuario de Notre-Dame-du-Cap en Trois-Rivi\u00e8res -1896<\/li>\n<li>Al Santuario de la R\u00e9paration en Pointe-aux-Trembles, cerca de Montr\u00e9al<\/li>\n<li>Al Calvario de Saint-\u00c9lie-de-Caxton, en Mauricie &#8211; 1895<\/li>\n<\/ul>\n<div class=\"centered-imgs well notop\">\n<figure id=\"attachment_497\" aria-describedby=\"caption-attachment-497\" style=\"width: 300px\" class=\"wp-caption alignnone\"><a href=\"https:\/\/perefrederic.ca\/wp-content\/uploads\/2014\/05\/cdc1.jpg\" data-rel=\"lightbox-image-10\" data-rl_title=\"\" data-rl_caption=\"\" title=\"\"><img loading=\"lazy\" decoding=\"async\" class=\"wp-image-497 size-medium\" src=\"https:\/\/perefrederic.ca\/wp-content\/uploads\/2014\/05\/cdc1-300x194.jpg\" alt=\"Camino de la Cruz en el Santuario de Notre-Dame-du-Cap\" width=\"300\" height=\"194\" srcset=\"https:\/\/perefrederic.ca\/wp-content\/uploads\/2014\/05\/cdc1-300x194.jpg 300w, https:\/\/perefrederic.ca\/wp-content\/uploads\/2014\/05\/cdc1-1024x664.jpg 1024w, https:\/\/perefrederic.ca\/wp-content\/uploads\/2014\/05\/cdc1.jpg 2046w\" sizes=\"auto, (max-width: 300px) 100vw, 300px\" \/><\/a><figcaption id=\"caption-attachment-497\" class=\"wp-caption-text\">Camino de la Cruz en el Santuario de Notre-Dame-du-Cap<\/figcaption><\/figure>\n<figure id=\"attachment_498\" aria-describedby=\"caption-attachment-498\" style=\"width: 300px\" class=\"wp-caption alignnone\"><a href=\"https:\/\/perefrederic.ca\/wp-content\/uploads\/2014\/05\/cdc2.jpg\" data-rel=\"lightbox-image-11\" data-rl_title=\"\" data-rl_caption=\"\" title=\"\"><img loading=\"lazy\" decoding=\"async\" class=\"wp-image-498 size-medium\" src=\"https:\/\/perefrederic.ca\/wp-content\/uploads\/2014\/05\/cdc2-300x194.jpg\" alt=\"Camino de la Cruz en el Santuario de la R\u00e9paration\" width=\"300\" height=\"194\" srcset=\"https:\/\/perefrederic.ca\/wp-content\/uploads\/2014\/05\/cdc2-300x194.jpg 300w, https:\/\/perefrederic.ca\/wp-content\/uploads\/2014\/05\/cdc2-1024x663.jpg 1024w, https:\/\/perefrederic.ca\/wp-content\/uploads\/2014\/05\/cdc2.jpg 2043w\" sizes=\"auto, (max-width: 300px) 100vw, 300px\" \/><\/a><figcaption id=\"caption-attachment-498\" class=\"wp-caption-text\">Camino de la Cruz en el Santuario de la R\u00e9paration<\/figcaption><\/figure>\n<figure id=\"attachment_576\" aria-describedby=\"caption-attachment-576\" style=\"width: 300px\" class=\"wp-caption alignnone\"><a href=\"https:\/\/perefrederic.ca\/wp-content\/uploads\/2014\/05\/Chemin-de-croix-Saint-\u00c9lie.jpg\" data-rel=\"lightbox-image-12\" data-rl_title=\"\" data-rl_caption=\"\" title=\"\"><img loading=\"lazy\" decoding=\"async\" class=\"wp-image-576 size-medium\" src=\"https:\/\/perefrederic.ca\/wp-content\/uploads\/2014\/05\/Chemin-de-croix-Saint-\u00c9lie-300x200.jpg\" alt=\"Camino de la Cruz en Saint-\u00c9lie-de-Caxton\" width=\"300\" height=\"200\" srcset=\"https:\/\/perefrederic.ca\/wp-content\/uploads\/2014\/05\/Chemin-de-croix-Saint-\u00c9lie-300x200.jpg 300w, https:\/\/perefrederic.ca\/wp-content\/uploads\/2014\/05\/Chemin-de-croix-Saint-\u00c9lie.jpg 576w\" sizes=\"auto, (max-width: 300px) 100vw, 300px\" \/><\/a><figcaption id=\"caption-attachment-576\" class=\"wp-caption-text\">Camino de la Cruz en Saint-\u00c9lie-de-Caxton<\/figcaption><\/figure>\n<\/div>\n<h2>El hombre<\/h2>\n<p><a href=\"https:\/\/perefrederic.ca\/wp-content\/uploads\/2014\/05\/tombeau1.jpg\" data-rel=\"lightbox-image-13\" data-rl_title=\"\" data-rl_caption=\"\" title=\"\"><img loading=\"lazy\" decoding=\"async\" class=\"alignright wp-image-555 size-medium\" src=\"https:\/\/perefrederic.ca\/wp-content\/uploads\/2014\/05\/tombeau1-198x300.jpg\" alt=\"Tombeau P\u00e8re Fr\u00e9d\u00e9ric\" width=\"198\" height=\"300\" srcset=\"https:\/\/perefrederic.ca\/wp-content\/uploads\/2014\/05\/tombeau1-198x300.jpg 198w, https:\/\/perefrederic.ca\/wp-content\/uploads\/2014\/05\/tombeau1-678x1024.jpg 678w\" sizes=\"auto, (max-width: 198px) 100vw, 198px\" \/><\/a><a href=\"https:\/\/perefrederic.ca\/wp-content\/uploads\/2014\/05\/homme.jpg\" data-rel=\"lightbox-image-14\" data-rl_title=\"\" data-rl_caption=\"\" title=\"\"><img loading=\"lazy\" decoding=\"async\" class=\"alignright wp-image-504 size-medium\" src=\"https:\/\/perefrederic.ca\/wp-content\/uploads\/2014\/05\/homme-198x300.jpg\" alt=\"P\u00e8re Fr\u00e9d\u00e9ric\" width=\"198\" height=\"300\" srcset=\"https:\/\/perefrederic.ca\/wp-content\/uploads\/2014\/05\/homme-198x300.jpg 198w, https:\/\/perefrederic.ca\/wp-content\/uploads\/2014\/05\/homme-678x1024.jpg 678w\" sizes=\"auto, (max-width: 198px) 100vw, 198px\" \/><\/a><\/p>\n<ul class=\"ul-bio\">\n<li>El hombre alegre y lleno de humor.<\/li>\n<li>Posee numerosos campos de inter\u00e9s, yendo de la teolog\u00eda a la pastoral, pasando por la historia, la geograf\u00eda, la astronom\u00eda, la bot\u00e1nica, la pintura, la arquitectura y la arqueolog\u00eda.<\/li>\n<li>Ap\u00f3stol infatigable, su amor por la gente y la predicaci\u00f3n, su bondad, su austeridad de vida, su extrema pobreza, su paciencia y su serenidad en las pruebas, lo han comparado con un nuevo Francisco de As\u00eds.<\/li>\n<li>Muere el 04 de agosto de 1916 a la edad de 77 a\u00f1os.<\/li>\n<li>Su cuerpo reposa en la capilla de Saint- Antoine en Trois-Rivi\u00e8res.<\/li>\n<\/ul>\n","protected":false},"excerpt":{"rendered":"<p>Su pa\u00eds de origen (1838-1876) Nacimiento\u00a0: 19 de noviembre de 1838 en Ghyvelde en Francia: Hijo de Marie-Isabelle Bollengier y Pierre Janssoon, fervorosos cristianos. Es bautizado bajo los nombre de Fr\u00e9d\u00e9ric Cornil; Para ayudar a los suyos, interrumpe sus estudios en 1855. Se convierte en viajero comerciante hasta la muerte de su madre. En 1864, [&hellip;]<\/p>\n","protected":false},"author":3,"featured_media":0,"parent":1003,"menu_order":1,"comment_status":"open","ping_status":"closed","template":"","meta":{"_acf_changed":false,"footnotes":""},"class_list":["post-1011","page","type-page","status-publish","hentry"],"acf":[],"_links":{"self":[{"href":"https:\/\/perefrederic.ca\/es\/wp-json\/wp\/v2\/pages\/1011","targetHints":{"allow":["GET"]}}],"collection":[{"href":"https:\/\/perefrederic.ca\/es\/wp-json\/wp\/v2\/pages"}],"about":[{"href":"https:\/\/perefrederic.ca\/es\/wp-json\/wp\/v2\/types\/page"}],"author":[{"embeddable":true,"href":"https:\/\/perefrederic.ca\/es\/wp-json\/wp\/v2\/users\/3"}],"replies":[{"embeddable":true,"href":"https:\/\/perefrederic.ca\/es\/wp-json\/wp\/v2\/comments?post=1011"}],"version-history":[{"count":5,"href":"https:\/\/perefrederic.ca\/es\/wp-json\/wp\/v2\/pages\/1011\/revisions"}],"predecessor-version":[{"id":1017,"href":"https:\/\/perefrederic.ca\/es\/wp-json\/wp\/v2\/pages\/1011\/revisions\/1017"}],"up":[{"embeddable":true,"href":"https:\/\/perefrederic.ca\/es\/wp-json\/wp\/v2\/pages\/1003"}],"wp:attachment":[{"href":"https:\/\/perefrederic.ca\/es\/wp-json\/wp\/v2\/media?parent=1011"}],"curies":[{"name":"wp","href":"https:\/\/api.w.org\/{rel}","templated":true}]}}