{"id":1007,"date":"2015-05-26T09:09:40","date_gmt":"2015-05-26T13:09:40","guid":{"rendered":"https:\/\/perefrederic.ca\/?page_id=1007"},"modified":"2015-06-22T10:07:43","modified_gmt":"2015-06-22T14:07:43","slug":"bibliografia","status":"publish","type":"page","link":"https:\/\/perefrederic.ca\/es\/el-padre-frederic\/bibliografia\/","title":{"rendered":"Bibliograf\u00eda"},"content":{"rendered":"<p><a href=\"https:\/\/perefrederic.ca\/wp-content\/uploads\/2014\/05\/livre1.jpg\" data-rel=\"lightbox-image-0\" data-rl_title=\"\" data-rl_caption=\"\" title=\"\"><img loading=\"lazy\" decoding=\"async\" class=\"sans-style alignright\" src=\"https:\/\/perefrederic.ca\/wp-content\/uploads\/2014\/05\/bibliographie.png\" alt=\"Livre P\u00e8re Fr\u00e9d\u00e9ric\" width=\"359\" height=\"252\" \/><\/a>A todo lo largo de su vida, el padre Fr\u00e9d\u00e9ric, tiene una impresionante actividad literaria. El funda y escribe en numerosas revistas, una de las cuales es: los Anales del Santo Rosario, ahora Revista Notre-Dame-du-Cap; dejando numerosos escritos.<\/p>\n<h2>Los libros escritos por el Padre Fr\u00e9d\u00e9ric:<\/h2>\n<ul>\n<li>Vida de la Bienaventurada Jeanne-Marie Maill\u00e9 de la Tercera Orden Franciscana (1871);<\/li>\n<li>La Tercera Orden Franciscana, su regla, su excelencia (1879);<\/li>\n<li>Noticia hist\u00f3rica sobre la obra en Tierra Santa (1882);<\/li>\n<li>El Camino de la Cruz en Jerusal\u00e9n (1882);<\/li>\n<li>La regla de la Tercera Orden (1892);<\/li>\n<li>Vida de Nuestro Se\u00f1or Jesucristo (1894) \u2013 tiraje record de 42 000 ejemplares\u00a0;<\/li>\n<li>Los 14 n\u00e1ufragos de Saint-Alban (1894);<\/li>\n<li>Vida de San Francisco de As\u00eds (1894);<\/li>\n<li>La vida del hermano Didace, recoleto (1894);<\/li>\n<li>El mes del Sant\u00edsimo Rosario (1895);<\/li>\n<li>La buena Santa Ana, su vida, sus milagros, sus santuarios (1896);<\/li>\n<li>La vida de San Antonio de Padua (1896);<a href=\"https:\/\/perefrederic.ca\/wp-content\/uploads\/2014\/05\/livre2.jpg\" data-rel=\"lightbox-image-1\" data-rl_title=\"\" data-rl_caption=\"\" title=\"\"><img loading=\"lazy\" decoding=\"async\" class=\"sans-style alignright wp-image-512 size-medium\" src=\"https:\/\/perefrederic.ca\/wp-content\/uploads\/2014\/05\/livre2-300x289.jpg\" alt=\"Livre P\u00e8re Fr\u00e9d\u00e9ric\" width=\"300\" height=\"289\" srcset=\"https:\/\/perefrederic.ca\/wp-content\/uploads\/2014\/05\/livre2-300x289.jpg 300w, https:\/\/perefrederic.ca\/wp-content\/uploads\/2014\/05\/livre2-1024x987.jpg 1024w\" sizes=\"auto, (max-width: 300px) 100vw, 300px\" \/><\/a><\/li>\n<li>La novena al Esp\u00edritu Santo (1897);<\/li>\n<li>Egipto y los franciscanos (1897).<\/li>\n<li>San Jos\u00e9, su vida, su culto (1902).<\/li>\n<li>Vida de la Sant\u00edsima Virgen Mar\u00eda (1904).<\/li>\n<li>San Antonio y los peque\u00f1os (1905).<\/li>\n<li>Album de Tierra Santa (1905).<\/li>\n<li>La audiencia ang\u00e9lica y elecci\u00f3n de maravillas tomadas de la Vida de los Santos para el uso de la juventud (1905).<\/li>\n<li>El cielo, estancia de los elegidos (1912).<\/li>\n<li>Mi primer viaje a Canad\u00e1, 1881-1882 (1946).<\/li>\n<li>Diario de viaje, Francia, Italia, Palestina, 1876-1877 (1946).<\/li>\n<\/ul>\n<p><strong>Ya durante su vida, el Padre Fr\u00e9d\u00e9ric goza de una reputaci\u00f3n de santidad. Numerosos autores decidieron conocer y profundizar la vida y la espiritualidad del Padre Fr\u00e9d\u00e9ric.<\/strong><\/p>\n<h2>Libros escritos sobre la vida del Padre Fr\u00e9d\u00e9ric.<\/h2>\n<ul>\n<li>El Padre Fr\u00e9d\u00e9ric de Ghyvelde \/ Mathieu M. Daunais (1926);<\/li>\n<li>Vida ilustrada del Buen Padre Fr\u00e9d\u00e9ric Janssoone \/ Mathieu M. Daunais (1934);<\/li>\n<li>Los manuscritos del R. P. Fr\u00e9d\u00e9ric Janssoone, OFM \/ Hugolin Lemay (1935).<\/li>\n<li><a href=\"https:\/\/perefrederic.ca\/wp-content\/uploads\/2014\/05\/3d-livre3.jpg\" data-rel=\"lightbox-image-2\" data-rl_title=\"\" data-rl_caption=\"\" title=\"\"><img loading=\"lazy\" decoding=\"async\" class=\"sans-style alignright wp-image-510 size-medium\" src=\"https:\/\/perefrederic.ca\/wp-content\/uploads\/2014\/05\/3d-livre3-300x289.jpg\" alt=\"Livre P\u00e8re Fr\u00e9d\u00e9ric\" width=\"300\" height=\"289\" srcset=\"https:\/\/perefrederic.ca\/wp-content\/uploads\/2014\/05\/3d-livre3-300x289.jpg 300w, https:\/\/perefrederic.ca\/wp-content\/uploads\/2014\/05\/3d-livre3.jpg 947w\" sizes=\"auto, (max-width: 300px) 100vw, 300px\" \/><\/a>El servidor de Dios, Padre Fr\u00e9d\u00e9ric de Ghyvelde et Bethl\u00e9em \/Paul-Eug\u00e8ne Trudel (1947).<\/li>\n<li>El R. P. Fr\u00e9d\u00e9ric Janssoone \/ L\u00e9on Moreel (1951).<\/li>\n<li>El Padre Fr\u00e9d\u00e9ric Janssoone \/ Romain L\u00e9gar\u00e9 (1953).<\/li>\n<li>Un testigo del otro mundo \/ On\u00e9sime Lamontagne (1960).<\/li>\n<li>Un gran servidor de la Tierra Santa \/ Romain L\u00e9gar\u00e9 (1965).<\/li>\n<li>P\u00e1ginas selectas del Padre Fr\u00e9d\u00e9ric Janssoone \/ Romain L\u00e9gar\u00e9 (1972).<\/li>\n<li>El Buen Padre Fr\u00e9d\u00e9ric y Trois-Rivi\u00e8res \/ Romain L\u00e9gar\u00e9 (1975)<\/li>\n<li>La Postura \/ Congregaci\u00f3n para la Causa de los santos (1978)<\/li>\n<li>El Padre Fr\u00e9d\u00e9ric Janssoone de Ghyvelde \/ Robert Noote (1983)<\/li>\n<li>El Buen Padre Fr\u00e9d\u00e9ric \/ Constantin Baillargeon (1988)<\/li>\n<li>Fr\u00e9d\u00e9ric Janssoone de Ghyvelde, Franciscano, Ap\u00f3stol de Cristo en tres continentes \/ Jean-Fran\u00e7ois Motte (1988)<\/li>\n<li>El gusto de Dios \/ Andr\u00e9 Dumont (1989)<\/li>\n<li>El Padre Fr\u00e9d\u00e9ric Janssoone de Ghyvelde en Flandre \/ Robert Noote (1995).<\/li>\n<li>El Beato Fr\u00e9d\u00e9ric \/ Roger Poudrier (2001)<\/li>\n<li>Gu\u00eda y oraciones, Museo Fr\u00e9d\u00e9ric Janssoone \/ Gentil Turcotte (2003)<\/li>\n<\/ul>\n","protected":false},"excerpt":{"rendered":"<p>A todo lo largo de su vida, el padre Fr\u00e9d\u00e9ric, tiene una impresionante actividad literaria. El funda y escribe en numerosas revistas, una de las cuales es: los Anales del Santo Rosario, ahora Revista Notre-Dame-du-Cap; dejando numerosos escritos. Los libros escritos por el Padre Fr\u00e9d\u00e9ric: Vida de la Bienaventurada Jeanne-Marie Maill\u00e9 de la Tercera Orden [&hellip;]<\/p>\n","protected":false},"author":3,"featured_media":0,"parent":1003,"menu_order":2,"comment_status":"open","ping_status":"closed","template":"","meta":{"_acf_changed":false,"footnotes":""},"class_list":["post-1007","page","type-page","status-publish","hentry"],"acf":[],"_links":{"self":[{"href":"https:\/\/perefrederic.ca\/es\/wp-json\/wp\/v2\/pages\/1007","targetHints":{"allow":["GET"]}}],"collection":[{"href":"https:\/\/perefrederic.ca\/es\/wp-json\/wp\/v2\/pages"}],"about":[{"href":"https:\/\/perefrederic.ca\/es\/wp-json\/wp\/v2\/types\/page"}],"author":[{"embeddable":true,"href":"https:\/\/perefrederic.ca\/es\/wp-json\/wp\/v2\/users\/3"}],"replies":[{"embeddable":true,"href":"https:\/\/perefrederic.ca\/es\/wp-json\/wp\/v2\/comments?post=1007"}],"version-history":[{"count":3,"href":"https:\/\/perefrederic.ca\/es\/wp-json\/wp\/v2\/pages\/1007\/revisions"}],"predecessor-version":[{"id":1010,"href":"https:\/\/perefrederic.ca\/es\/wp-json\/wp\/v2\/pages\/1007\/revisions\/1010"}],"up":[{"embeddable":true,"href":"https:\/\/perefrederic.ca\/es\/wp-json\/wp\/v2\/pages\/1003"}],"wp:attachment":[{"href":"https:\/\/perefrederic.ca\/es\/wp-json\/wp\/v2\/media?parent=1007"}],"curies":[{"name":"wp","href":"https:\/\/api.w.org\/{rel}","templated":true}]}}