{"id":867,"date":"2015-01-13T13:41:00","date_gmt":"2015-01-13T18:41:00","guid":{"rendered":"https:\/\/perefrederic.ca\/?page_id=867"},"modified":"2015-01-13T13:41:00","modified_gmt":"2015-01-13T18:41:00","slug":"hymns","status":"publish","type":"page","link":"https:\/\/perefrederic.ca\/en\/prayers-and-tools-for-animation\/hymns\/","title":{"rendered":"Hymns"},"content":{"rendered":"<p>&#8211; 1 &#8211;<\/p>\n<p>Regarde avec amour sur les bords du grand fleuve<br \/>\nUn peuple jeune encor qui grandit fr\u00e9missant<br \/>\nTu l&#8217;as plus d&#8217;une fois consol\u00e9 dans l&#8217;\u00e9preuve<br \/>\nTon bras fut sa d\u00e9fense et ton bras est puissant.<\/p>\n<p>Refrain<\/p>\n<p><strong>Garde-nous tes faveurs, veille sur la Patrie<br \/>\nEt sois du Canada, Notre-Dame, \u00f4 Marie<br \/>\nGarde-nous tes faveurs, veille sur la Patrie<br \/>\nEt sois du Canada, Notre-Dame, \u00f4 Marie.<\/strong><\/p>\n<p>&#8211; 2 &#8211;<\/p>\n<p>Son r\u00f4le est noble et grand c&#8217;est celui de l&#8217;ap\u00f4tre<br \/>\nCelui qui fut l&#8217;orgueil et l&#8217;honneur des a\u00efeux<br \/>\nAh! fais qu&#8217;il s&#8217;en souvienne et n&#8217;en veuille point d&#8217;autres<br \/>\nSa gloire en est le prix ici-bas comme aux cieux.<\/p>\n<p>&#8211; 3 &#8211;<\/p>\n<p>La foi fut sa boussole et ton nom sa banni\u00e8re<br \/>\nAu ciel ta douce \u00e9toile a guid\u00e9 son vaisseau<br \/>\nQu&#8217;il vogue jusqu&#8217;au port de la pleine lumi\u00e8re<br \/>\nToujours \u00e0 la clart\u00e9 du c\u00e9leste flambeau.<\/p>\n<p>&#8211; 4 &#8211;<\/p>\n<p>Qu&#8217;a-t-il \u00e0 craindre quand gronde au loin la temp\u00eate?<br \/>\nL&#8217;airain de cent clochers vibrant \u00e0 l&#8217;unisson<br \/>\nEn branle, dans les airs, au-dessus de sa t\u00eate<br \/>\n\u00c9touffe les clameurs dans le bruit de ton nom.<\/p>\n<p>&nbsp;<\/p>\n<p>Paroles: P. Ernest Desjardins, s.j.<br \/>\nMusique: Abb\u00e9 P. Chassang<br \/>\nRecueil de la Bonne Chanson<\/p>\n","protected":false},"excerpt":{"rendered":"<p>&#8211; 1 &#8211; Regarde avec amour sur les bords du grand fleuve Un peuple jeune encor qui grandit fr\u00e9missant Tu l&#8217;as plus d&#8217;une fois consol\u00e9 dans l&#8217;\u00e9preuve Ton bras fut sa d\u00e9fense et ton bras est puissant. Refrain Garde-nous tes faveurs, veille sur la Patrie Et sois du Canada, Notre-Dame, \u00f4 Marie Garde-nous tes faveurs, [&hellip;]<\/p>\n","protected":false},"author":3,"featured_media":0,"parent":841,"menu_order":5,"comment_status":"open","ping_status":"closed","template":"","meta":{"_acf_changed":false,"footnotes":""},"class_list":["post-867","page","type-page","status-publish","hentry"],"acf":[],"_links":{"self":[{"href":"https:\/\/perefrederic.ca\/en\/wp-json\/wp\/v2\/pages\/867","targetHints":{"allow":["GET"]}}],"collection":[{"href":"https:\/\/perefrederic.ca\/en\/wp-json\/wp\/v2\/pages"}],"about":[{"href":"https:\/\/perefrederic.ca\/en\/wp-json\/wp\/v2\/types\/page"}],"author":[{"embeddable":true,"href":"https:\/\/perefrederic.ca\/en\/wp-json\/wp\/v2\/users\/3"}],"replies":[{"embeddable":true,"href":"https:\/\/perefrederic.ca\/en\/wp-json\/wp\/v2\/comments?post=867"}],"version-history":[{"count":1,"href":"https:\/\/perefrederic.ca\/en\/wp-json\/wp\/v2\/pages\/867\/revisions"}],"predecessor-version":[{"id":868,"href":"https:\/\/perefrederic.ca\/en\/wp-json\/wp\/v2\/pages\/867\/revisions\/868"}],"up":[{"embeddable":true,"href":"https:\/\/perefrederic.ca\/en\/wp-json\/wp\/v2\/pages\/841"}],"wp:attachment":[{"href":"https:\/\/perefrederic.ca\/en\/wp-json\/wp\/v2\/media?parent=867"}],"curies":[{"name":"wp","href":"https:\/\/api.w.org\/{rel}","templated":true}]}}